{"id":1875,"date":"2022-01-03T15:43:23","date_gmt":"2022-01-03T15:43:23","guid":{"rendered":"https:\/\/greencurvesdesign.com\/?page_id=1875"},"modified":"2022-03-28T20:10:23","modified_gmt":"2022-03-28T20:10:23","slug":"agricultural-services","status":"publish","type":"page","link":"https:\/\/greencurvesdesign.com\/es\/services\/land-planning\/agricultural-services\/","title":{"rendered":"Servicios de Agricultura"},"content":{"rendered":"<div data-elementor-type=\"wp-page\" data-elementor-id=\"1875\" class=\"elementor elementor-1875\">\n\t\t\t\t\t\t<section class=\"elementor-section elementor-top-section elementor-element elementor-element-1c450d6 elementor-section-boxed elementor-section-height-default elementor-section-height-default\" data-id=\"1c450d6\" data-element_type=\"section\" data-e-type=\"section\" data-settings=\"{&quot;background_background&quot;:&quot;classic&quot;}\">\n\t\t\t\t\t\t<div class=\"elementor-container elementor-column-gap-default\">\n\t\t\t\t\t<div class=\"elementor-column elementor-col-100 elementor-top-column elementor-element elementor-element-dc061d3\" data-id=\"dc061d3\" data-element_type=\"column\" data-e-type=\"column\">\n\t\t\t<div class=\"elementor-widget-wrap elementor-element-populated\">\n\t\t\t\t\t\t<div class=\"elementor-element elementor-element-eba0b85 elementor-invisible elementor-widget elementor-widget-image\" data-id=\"eba0b85\" data-element_type=\"widget\" data-e-type=\"widget\" data-settings=\"{&quot;_animation&quot;:&quot;fadeInUp&quot;}\" data-widget_type=\"image.default\">\n\t\t\t\t<div class=\"elementor-widget-container\">\n\t\t\t\t\t\t\t\t\t\t\t\t\t\t\t<img decoding=\"async\" width=\"135\" height=\"129\" src=\"https:\/\/greencurvesdesign.com\/wp-content\/uploads\/2021\/11\/flor.svg\" class=\"attachment-full size-full wp-image-91\" alt=\"\" \/>\t\t\t\t\t\t\t\t\t\t\t\t\t\t\t<\/div>\n\t\t\t\t<\/div>\n\t\t\t\t<div class=\"elementor-element elementor-element-4b1beef elementor-invisible elementor-widget elementor-widget-heading\" data-id=\"4b1beef\" data-element_type=\"widget\" data-e-type=\"widget\" data-settings=\"{&quot;_animation&quot;:&quot;fadeInUp&quot;,&quot;_animation_delay&quot;:200}\" data-widget_type=\"heading.default\">\n\t\t\t\t<div class=\"elementor-widget-container\">\n\t\t\t\t\t<h1 class=\"elementor-heading-title elementor-size-default\">Servicios de Agricultura<\/h1>\t\t\t\t<\/div>\n\t\t\t\t<\/div>\n\t\t\t\t<div class=\"elementor-element elementor-element-36001b2 elementor-invisible elementor-widget elementor-widget-heading\" data-id=\"36001b2\" data-element_type=\"widget\" data-e-type=\"widget\" data-settings=\"{&quot;_animation&quot;:&quot;fadeInUp&quot;,&quot;_animation_delay&quot;:300}\" data-widget_type=\"heading.default\">\n\t\t\t\t<div class=\"elementor-widget-container\">\n\t\t\t\t\t<h3 class=\"elementor-heading-title elementor-size-default\">Los emprendimientos de agricultura son proyectos que, por su propia naturaleza, necesitan ser rentables. Necesitan poder relacionarse con el entorno para obtener sus recursos y as\u00ed asegurar la producci\u00f3n, y son gestionados por individuos, familias y\/o comunidades, quienes son indispensables.<\/h3>\t\t\t\t<\/div>\n\t\t\t\t<\/div>\n\t\t\t\t<div class=\"elementor-element elementor-element-3335109 elementor-invisible elementor-widget elementor-widget-text-editor\" data-id=\"3335109\" data-element_type=\"widget\" data-e-type=\"widget\" data-settings=\"{&quot;_animation&quot;:&quot;fadeInUp&quot;,&quot;_animation_delay&quot;:400}\" data-widget_type=\"text-editor.default\">\n\t\t\t\t<div class=\"elementor-widget-container\">\n\t\t\t\t\t\t\t\t\tNos enorgullecemos de tener una actitud no dogm\u00e1tica ante todos los m\u00e9todos de agricultura. Creemos sinceramente que la aplicaci\u00f3n incluso de las t\u00e9cnicas o metodolog\u00edas m\u00e1s sencillas (con el objetivo de restaurar los ciclos acu\u00e1ticos, la regeneraci\u00f3n de suelos, los ciclos de nutrientes y el secuestro de carbono) es una decisi\u00f3n muy valiosa, tanto financiera como ecol\u00f3gicamente. Confiamos en que podemos mejorar las situaciones que involucren la p\u00e9rdida de suelo, la erosi\u00f3n h\u00eddrica, entre otros b\u00e1sicos efectos negativos relacionados a la agricultura convencional.\t\t\t\t\t\t\t\t<\/div>\n\t\t\t\t<\/div>\n\t\t\t\t\t<\/div>\n\t\t<\/div>\n\t\t\t\t\t<\/div>\n\t\t<\/section>\n\t\t\t\t<section class=\"elementor-section elementor-top-section elementor-element elementor-element-0ff116e elementor-section-boxed elementor-section-height-default elementor-section-height-default elementor-invisible\" data-id=\"0ff116e\" data-element_type=\"section\" data-e-type=\"section\" data-settings=\"{&quot;background_background&quot;:&quot;classic&quot;,&quot;animation&quot;:&quot;fadeInUp&quot;}\">\n\t\t\t\t\t\t<div class=\"elementor-container elementor-column-gap-default\">\n\t\t\t\t\t<div class=\"elementor-column elementor-col-100 elementor-top-column elementor-element elementor-element-720be12\" data-id=\"720be12\" data-element_type=\"column\" data-e-type=\"column\">\n\t\t\t<div class=\"elementor-widget-wrap elementor-element-populated\">\n\t\t\t\t\t\t<div class=\"elementor-element elementor-element-dfb1fd4 elementor-widget elementor-widget-heading\" data-id=\"dfb1fd4\" data-element_type=\"widget\" data-e-type=\"widget\" data-widget_type=\"heading.default\">\n\t\t\t\t<div class=\"elementor-widget-container\">\n\t\t\t\t\t<h3 class=\"elementor-heading-title elementor-size-default\">PODEMOS OFRECER UN RANGO DE SERVICIOS DE PLANIFICACI\u00d3N DE TIERRAS APLICADOS A EMPRENDIMIENTOS DE AGRICULTURA:<\/h3>\t\t\t\t<\/div>\n\t\t\t\t<\/div>\n\t\t\t\t<section class=\"elementor-section elementor-inner-section elementor-element elementor-element-eea46e8 elementor-section-boxed elementor-section-height-default elementor-section-height-default\" data-id=\"eea46e8\" data-element_type=\"section\" data-e-type=\"section\">\n\t\t\t\t\t\t<div class=\"elementor-container elementor-column-gap-default\">\n\t\t\t\t\t<div class=\"elementor-column elementor-col-50 elementor-inner-column elementor-element elementor-element-2bf14a3\" data-id=\"2bf14a3\" data-element_type=\"column\" data-e-type=\"column\">\n\t\t\t<div class=\"elementor-widget-wrap elementor-element-populated\">\n\t\t\t\t\t\t<div class=\"elementor-element elementor-element-bdb00ef elementor-widget elementor-widget-image\" data-id=\"bdb00ef\" data-element_type=\"widget\" data-e-type=\"widget\" data-widget_type=\"image.default\">\n\t\t\t\t<div class=\"elementor-widget-container\">\n\t\t\t\t\t\t\t\t\t\t\t\t\t\t\t<img fetchpriority=\"high\" decoding=\"async\" width=\"431\" height=\"207\" src=\"https:\/\/greencurvesdesign.com\/wp-content\/uploads\/2022\/03\/infraestrcutura-es_01.png\" class=\"attachment-full size-full wp-image-105\" alt=\"\" \/>\t\t\t\t\t\t\t\t\t\t\t\t\t\t\t<\/div>\n\t\t\t\t<\/div>\n\t\t\t\t\t<\/div>\n\t\t<\/div>\n\t\t\t\t<div class=\"elementor-column elementor-col-50 elementor-inner-column elementor-element elementor-element-3380f54\" data-id=\"3380f54\" data-element_type=\"column\" data-e-type=\"column\">\n\t\t\t<div class=\"elementor-widget-wrap elementor-element-populated\">\n\t\t\t\t\t\t<div class=\"elementor-element elementor-element-62177bd elementor-widget elementor-widget-image\" data-id=\"62177bd\" data-element_type=\"widget\" data-e-type=\"widget\" data-widget_type=\"image.default\">\n\t\t\t\t<div class=\"elementor-widget-container\">\n\t\t\t\t\t\t\t\t\t\t\t\t\t\t\t<img decoding=\"async\" width=\"439\" height=\"266\" src=\"https:\/\/greencurvesdesign.com\/wp-content\/uploads\/2022\/03\/infraestrcutura-es_02.png\" class=\"attachment-full size-full wp-image-106\" alt=\"\" \/>\t\t\t\t\t\t\t\t\t\t\t\t\t\t\t<\/div>\n\t\t\t\t<\/div>\n\t\t\t\t\t<\/div>\n\t\t<\/div>\n\t\t\t\t\t<\/div>\n\t\t<\/section>\n\t\t\t\t\t<\/div>\n\t\t<\/div>\n\t\t\t\t\t<\/div>\n\t\t<\/section>\n\t\t\t\t<\/div>","protected":false},"excerpt":{"rendered":"<p>Agricultural Services Agricultural enterprises are businesses that by their very nature need to be profitable. They need to rely on the environment for their resources to ensure production and are managed by individuals, families and communities who are indispensable. We pride ourselves on an unprejudiced attitude towards all methods of agriculture. We believe sincerely, that [&hellip;]<\/p>\n","protected":false},"author":1,"featured_media":0,"parent":1857,"menu_order":0,"comment_status":"closed","ping_status":"closed","template":"elementor_header_footer","meta":{"nf_dc_page":"","footnotes":""},"class_list":["post-1875","page","type-page","status-publish","hentry"],"yoast_head":"<!-- This site is optimized with the Yoast SEO plugin v27.4 - https:\/\/yoast.com\/product\/yoast-seo-wordpress\/ -->\n<title>Agricultural Services - Green Curves Design<\/title>\n<meta name=\"robots\" content=\"index, follow, max-snippet:-1, max-image-preview:large, max-video-preview:-1\" \/>\n<link rel=\"canonical\" href=\"https:\/\/greencurvesdesign.com\/es\/services\/land-planning\/agricultural-services\/\" \/>\n<meta property=\"og:locale\" content=\"es_ES\" \/>\n<meta property=\"og:type\" content=\"article\" \/>\n<meta property=\"og:title\" content=\"Agricultural Services - Green Curves Design\" \/>\n<meta property=\"og:description\" content=\"Agricultural Services Agricultural enterprises are businesses that by their very nature need to be profitable. They need to rely on the environment for their resources to ensure production and are managed by individuals, families and communities who are indispensable. We pride ourselves on an unprejudiced attitude towards all methods of agriculture. We believe sincerely, that [&hellip;]\" \/>\n<meta property=\"og:url\" content=\"https:\/\/greencurvesdesign.com\/es\/services\/land-planning\/agricultural-services\/\" \/>\n<meta property=\"og:site_name\" content=\"Green Curves Design\" \/>\n<meta property=\"article:modified_time\" content=\"2022-03-28T20:10:23+00:00\" \/>\n<meta property=\"og:image\" content=\"https:\/\/greencurvesdesign.com\/wp-content\/uploads\/2021\/11\/flor.svg\" \/>\n<meta name=\"twitter:card\" content=\"summary_large_image\" \/>\n<meta name=\"twitter:label1\" content=\"Tiempo de lectura\" \/>\n\t<meta name=\"twitter:data1\" content=\"1 minuto\" \/>\n<script type=\"application\/ld+json\" class=\"yoast-schema-graph\">{\"@context\":\"https:\\\/\\\/schema.org\",\"@graph\":[{\"@type\":\"WebPage\",\"@id\":\"https:\\\/\\\/greencurvesdesign.com\\\/services\\\/land-planning\\\/agricultural-services\\\/\",\"url\":\"https:\\\/\\\/greencurvesdesign.com\\\/services\\\/land-planning\\\/agricultural-services\\\/\",\"name\":\"Agricultural Services - Green Curves Design\",\"isPartOf\":{\"@id\":\"http:\\\/\\\/box5683.temp.domains\\\/~reencurv\\\/#website\"},\"primaryImageOfPage\":{\"@id\":\"https:\\\/\\\/greencurvesdesign.com\\\/services\\\/land-planning\\\/agricultural-services\\\/#primaryimage\"},\"image\":{\"@id\":\"https:\\\/\\\/greencurvesdesign.com\\\/services\\\/land-planning\\\/agricultural-services\\\/#primaryimage\"},\"thumbnailUrl\":\"https:\\\/\\\/greencurvesdesign.com\\\/wp-content\\\/uploads\\\/2021\\\/11\\\/flor.svg\",\"datePublished\":\"2022-01-03T15:43:23+00:00\",\"dateModified\":\"2022-03-28T20:10:23+00:00\",\"breadcrumb\":{\"@id\":\"https:\\\/\\\/greencurvesdesign.com\\\/services\\\/land-planning\\\/agricultural-services\\\/#breadcrumb\"},\"inLanguage\":\"es\",\"potentialAction\":[{\"@type\":\"ReadAction\",\"target\":[\"https:\\\/\\\/greencurvesdesign.com\\\/services\\\/land-planning\\\/agricultural-services\\\/\"]}]},{\"@type\":\"ImageObject\",\"inLanguage\":\"es\",\"@id\":\"https:\\\/\\\/greencurvesdesign.com\\\/services\\\/land-planning\\\/agricultural-services\\\/#primaryimage\",\"url\":\"https:\\\/\\\/greencurvesdesign.com\\\/wp-content\\\/uploads\\\/2021\\\/11\\\/flor.svg\",\"contentUrl\":\"https:\\\/\\\/greencurvesdesign.com\\\/wp-content\\\/uploads\\\/2021\\\/11\\\/flor.svg\"},{\"@type\":\"BreadcrumbList\",\"@id\":\"https:\\\/\\\/greencurvesdesign.com\\\/services\\\/land-planning\\\/agricultural-services\\\/#breadcrumb\",\"itemListElement\":[{\"@type\":\"ListItem\",\"position\":1,\"name\":\"Home\",\"item\":\"https:\\\/\\\/greencurvesdesign.com\\\/\"},{\"@type\":\"ListItem\",\"position\":2,\"name\":\"Services\",\"item\":\"https:\\\/\\\/greencurvesdesign.com\\\/services\\\/\"},{\"@type\":\"ListItem\",\"position\":3,\"name\":\"Land Planning\",\"item\":\"https:\\\/\\\/greencurvesdesign.com\\\/services\\\/land-planning\\\/\"},{\"@type\":\"ListItem\",\"position\":4,\"name\":\"Agricultural Services\"}]},{\"@type\":\"WebSite\",\"@id\":\"http:\\\/\\\/box5683.temp.domains\\\/~reencurv\\\/#website\",\"url\":\"http:\\\/\\\/box5683.temp.domains\\\/~reencurv\\\/\",\"name\":\"Green Curves Design\",\"description\":\"\",\"potentialAction\":[{\"@type\":\"SearchAction\",\"target\":{\"@type\":\"EntryPoint\",\"urlTemplate\":\"http:\\\/\\\/box5683.temp.domains\\\/~reencurv\\\/?s={search_term_string}\"},\"query-input\":{\"@type\":\"PropertyValueSpecification\",\"valueRequired\":true,\"valueName\":\"search_term_string\"}}],\"inLanguage\":\"es\"}]}<\/script>\n<!-- \/ Yoast SEO plugin. -->","yoast_head_json":{"title":"Agricultural Services - Green Curves Design","robots":{"index":"index","follow":"follow","max-snippet":"max-snippet:-1","max-image-preview":"max-image-preview:large","max-video-preview":"max-video-preview:-1"},"canonical":"https:\/\/greencurvesdesign.com\/es\/services\/land-planning\/agricultural-services\/","og_locale":"es_ES","og_type":"article","og_title":"Agricultural Services - Green Curves Design","og_description":"Agricultural Services Agricultural enterprises are businesses that by their very nature need to be profitable. They need to rely on the environment for their resources to ensure production and are managed by individuals, families and communities who are indispensable. We pride ourselves on an unprejudiced attitude towards all methods of agriculture. We believe sincerely, that [&hellip;]","og_url":"https:\/\/greencurvesdesign.com\/es\/services\/land-planning\/agricultural-services\/","og_site_name":"Green Curves Design","article_modified_time":"2022-03-28T20:10:23+00:00","og_image":[{"url":"https:\/\/greencurvesdesign.com\/wp-content\/uploads\/2021\/11\/flor.svg","type":"","width":"","height":""}],"twitter_card":"summary_large_image","twitter_misc":{"Tiempo de lectura":"1 minuto"},"schema":{"@context":"https:\/\/schema.org","@graph":[{"@type":"WebPage","@id":"https:\/\/greencurvesdesign.com\/services\/land-planning\/agricultural-services\/","url":"https:\/\/greencurvesdesign.com\/services\/land-planning\/agricultural-services\/","name":"Agricultural Services - Green Curves Design","isPartOf":{"@id":"http:\/\/box5683.temp.domains\/~reencurv\/#website"},"primaryImageOfPage":{"@id":"https:\/\/greencurvesdesign.com\/services\/land-planning\/agricultural-services\/#primaryimage"},"image":{"@id":"https:\/\/greencurvesdesign.com\/services\/land-planning\/agricultural-services\/#primaryimage"},"thumbnailUrl":"https:\/\/greencurvesdesign.com\/wp-content\/uploads\/2021\/11\/flor.svg","datePublished":"2022-01-03T15:43:23+00:00","dateModified":"2022-03-28T20:10:23+00:00","breadcrumb":{"@id":"https:\/\/greencurvesdesign.com\/services\/land-planning\/agricultural-services\/#breadcrumb"},"inLanguage":"es","potentialAction":[{"@type":"ReadAction","target":["https:\/\/greencurvesdesign.com\/services\/land-planning\/agricultural-services\/"]}]},{"@type":"ImageObject","inLanguage":"es","@id":"https:\/\/greencurvesdesign.com\/services\/land-planning\/agricultural-services\/#primaryimage","url":"https:\/\/greencurvesdesign.com\/wp-content\/uploads\/2021\/11\/flor.svg","contentUrl":"https:\/\/greencurvesdesign.com\/wp-content\/uploads\/2021\/11\/flor.svg"},{"@type":"BreadcrumbList","@id":"https:\/\/greencurvesdesign.com\/services\/land-planning\/agricultural-services\/#breadcrumb","itemListElement":[{"@type":"ListItem","position":1,"name":"Home","item":"https:\/\/greencurvesdesign.com\/"},{"@type":"ListItem","position":2,"name":"Services","item":"https:\/\/greencurvesdesign.com\/services\/"},{"@type":"ListItem","position":3,"name":"Land Planning","item":"https:\/\/greencurvesdesign.com\/services\/land-planning\/"},{"@type":"ListItem","position":4,"name":"Agricultural Services"}]},{"@type":"WebSite","@id":"http:\/\/box5683.temp.domains\/~reencurv\/#website","url":"http:\/\/box5683.temp.domains\/~reencurv\/","name":"Green Curves Design","description":"","potentialAction":[{"@type":"SearchAction","target":{"@type":"EntryPoint","urlTemplate":"http:\/\/box5683.temp.domains\/~reencurv\/?s={search_term_string}"},"query-input":{"@type":"PropertyValueSpecification","valueRequired":true,"valueName":"search_term_string"}}],"inLanguage":"es"}]}},"_links":{"self":[{"href":"https:\/\/greencurvesdesign.com\/es\/wp-json\/wp\/v2\/pages\/1875","targetHints":{"allow":["GET"]}}],"collection":[{"href":"https:\/\/greencurvesdesign.com\/es\/wp-json\/wp\/v2\/pages"}],"about":[{"href":"https:\/\/greencurvesdesign.com\/es\/wp-json\/wp\/v2\/types\/page"}],"author":[{"embeddable":true,"href":"https:\/\/greencurvesdesign.com\/es\/wp-json\/wp\/v2\/users\/1"}],"replies":[{"embeddable":true,"href":"https:\/\/greencurvesdesign.com\/es\/wp-json\/wp\/v2\/comments?post=1875"}],"version-history":[{"count":5,"href":"https:\/\/greencurvesdesign.com\/es\/wp-json\/wp\/v2\/pages\/1875\/revisions"}],"predecessor-version":[{"id":2010,"href":"https:\/\/greencurvesdesign.com\/es\/wp-json\/wp\/v2\/pages\/1875\/revisions\/2010"}],"up":[{"embeddable":true,"href":"https:\/\/greencurvesdesign.com\/es\/wp-json\/wp\/v2\/pages\/1857"}],"wp:attachment":[{"href":"https:\/\/greencurvesdesign.com\/es\/wp-json\/wp\/v2\/media?parent=1875"}],"curies":[{"name":"wp","href":"https:\/\/api.w.org\/{rel}","templated":true}]}}