{"id":1870,"date":"2022-01-03T15:38:16","date_gmt":"2022-01-03T15:38:16","guid":{"rendered":"https:\/\/greencurvesdesign.com\/?page_id=1870"},"modified":"2022-03-28T20:10:23","modified_gmt":"2022-03-28T20:10:23","slug":"infrastructure-planning","status":"publish","type":"page","link":"https:\/\/greencurvesdesign.com\/es\/services\/land-planning\/infrastructure-planning\/","title":{"rendered":"Planificaci\u00f3n de Infraestructura"},"content":{"rendered":"<div data-elementor-type=\"wp-page\" data-elementor-id=\"1870\" class=\"elementor elementor-1870\">\n\t\t\t\t\t\t<section class=\"elementor-section elementor-top-section elementor-element elementor-element-50f93f6 elementor-section-boxed elementor-section-height-default elementor-section-height-default\" data-id=\"50f93f6\" data-element_type=\"section\" data-e-type=\"section\" data-settings=\"{&quot;background_background&quot;:&quot;classic&quot;}\">\n\t\t\t\t\t\t<div class=\"elementor-container elementor-column-gap-default\">\n\t\t\t\t\t<div class=\"elementor-column elementor-col-100 elementor-top-column elementor-element elementor-element-fcaa6b8\" data-id=\"fcaa6b8\" data-element_type=\"column\" data-e-type=\"column\">\n\t\t\t<div class=\"elementor-widget-wrap elementor-element-populated\">\n\t\t\t\t\t\t<div class=\"elementor-element elementor-element-92d9f4b elementor-widget elementor-widget-image\" data-id=\"92d9f4b\" data-element_type=\"widget\" data-e-type=\"widget\" data-widget_type=\"image.default\">\n\t\t\t\t<div class=\"elementor-widget-container\">\n\t\t\t\t\t\t\t\t\t\t\t\t\t\t\t<img decoding=\"async\" width=\"187\" height=\"125\" src=\"https:\/\/greencurvesdesign.com\/wp-content\/uploads\/2021\/11\/map.svg\" class=\"attachment-full size-full wp-image-109\" alt=\"\" \/>\t\t\t\t\t\t\t\t\t\t\t\t\t\t\t<\/div>\n\t\t\t\t<\/div>\n\t\t\t\t<div class=\"elementor-element elementor-element-70cfaa0 elementor-widget elementor-widget-heading\" data-id=\"70cfaa0\" data-element_type=\"widget\" data-e-type=\"widget\" data-widget_type=\"heading.default\">\n\t\t\t\t<div class=\"elementor-widget-container\">\n\t\t\t\t\t<h1 class=\"elementor-heading-title elementor-size-default\">Planificaci\u00f3n de Infraestructura<\/h1>\t\t\t\t<\/div>\n\t\t\t\t<\/div>\n\t\t\t\t<div class=\"elementor-element elementor-element-295097c elementor-widget elementor-widget-heading\" data-id=\"295097c\" data-element_type=\"widget\" data-e-type=\"widget\" data-widget_type=\"heading.default\">\n\t\t\t\t<div class=\"elementor-widget-container\">\n\t\t\t\t\t<h3 class=\"elementor-heading-title elementor-size-default\">Como planificadores de terrenos, nos comprometemos con el desaf\u00edo de dise\u00f1ar e implementar ciertos elementos espec\u00edficamente necesarios para cada proyecto o emprendimiento.<\/h3>\t\t\t\t<\/div>\n\t\t\t\t<\/div>\n\t\t\t\t<div class=\"elementor-element elementor-element-b8c9d97 elementor-widget elementor-widget-text-editor\" data-id=\"b8c9d97\" data-element_type=\"widget\" data-e-type=\"widget\" data-widget_type=\"text-editor.default\">\n\t\t\t\t<div class=\"elementor-widget-container\">\n\t\t\t\t\t\t\t\t\tNo siempre es necesario un dise\u00f1o y una planificaci\u00f3n completa, ni tampoco se aplica en todas las situaciones por igual. Cuando ya exista una infraestructura, o cuando la misma presente inconveniencias, podremos adaptar acordemente el desarrollo de nuestro trabajo. Este enfoque flexible permite solucionar problemas y generar el dise\u00f1o de elementos espec\u00edficos e individuales, tales como caminos o represas.\t\t\t\t\t\t\t\t<\/div>\n\t\t\t\t<\/div>\n\t\t\t\t\t<\/div>\n\t\t<\/div>\n\t\t\t\t\t<\/div>\n\t\t<\/section>\n\t\t\t\t<section class=\"elementor-section elementor-top-section elementor-element elementor-element-3e7a10a elementor-section-boxed elementor-section-height-default elementor-section-height-default\" data-id=\"3e7a10a\" data-element_type=\"section\" data-e-type=\"section\" data-settings=\"{&quot;background_background&quot;:&quot;classic&quot;}\">\n\t\t\t\t\t\t<div class=\"elementor-container elementor-column-gap-default\">\n\t\t\t\t\t<div class=\"elementor-column elementor-col-100 elementor-top-column elementor-element elementor-element-8b4dd56\" data-id=\"8b4dd56\" data-element_type=\"column\" data-e-type=\"column\">\n\t\t\t<div class=\"elementor-widget-wrap elementor-element-populated\">\n\t\t\t\t\t\t<div class=\"elementor-element elementor-element-f452988 elementor-widget elementor-widget-heading\" data-id=\"f452988\" data-element_type=\"widget\" data-e-type=\"widget\" data-widget_type=\"heading.default\">\n\t\t\t\t<div class=\"elementor-widget-container\">\n\t\t\t\t\t<h3 class=\"elementor-heading-title elementor-size-default\">LOS SIGUIENTES SISTEMAS Y ELEMENTOS SON CONSIDERADOS:<\/h3>\t\t\t\t<\/div>\n\t\t\t\t<\/div>\n\t\t\t\t<section class=\"elementor-section elementor-inner-section elementor-element elementor-element-221dd2b elementor-section-boxed elementor-section-height-default elementor-section-height-default\" data-id=\"221dd2b\" data-element_type=\"section\" data-e-type=\"section\">\n\t\t\t\t\t\t<div class=\"elementor-container elementor-column-gap-default\">\n\t\t\t\t\t<div class=\"elementor-column elementor-col-50 elementor-inner-column elementor-element elementor-element-01c379a\" data-id=\"01c379a\" data-element_type=\"column\" data-e-type=\"column\">\n\t\t\t<div class=\"elementor-widget-wrap elementor-element-populated\">\n\t\t\t\t\t\t<div class=\"elementor-element elementor-element-acfd531 elementor-widget elementor-widget-image\" data-id=\"acfd531\" data-element_type=\"widget\" data-e-type=\"widget\" data-widget_type=\"image.default\">\n\t\t\t\t<div class=\"elementor-widget-container\">\n\t\t\t\t\t\t\t\t\t\t\t\t\t\t\t<img fetchpriority=\"high\" decoding=\"async\" width=\"431\" height=\"207\" src=\"https:\/\/greencurvesdesign.com\/wp-content\/uploads\/2022\/03\/infraestrcutura-es_01.png\" class=\"attachment-full size-full wp-image-105\" alt=\"\" \/>\t\t\t\t\t\t\t\t\t\t\t\t\t\t\t<\/div>\n\t\t\t\t<\/div>\n\t\t\t\t\t<\/div>\n\t\t<\/div>\n\t\t\t\t<div class=\"elementor-column elementor-col-50 elementor-inner-column elementor-element elementor-element-1245fd0\" data-id=\"1245fd0\" data-element_type=\"column\" data-e-type=\"column\">\n\t\t\t<div class=\"elementor-widget-wrap elementor-element-populated\">\n\t\t\t\t\t\t<div class=\"elementor-element elementor-element-613ed0f elementor-widget elementor-widget-image\" data-id=\"613ed0f\" data-element_type=\"widget\" data-e-type=\"widget\" data-widget_type=\"image.default\">\n\t\t\t\t<div class=\"elementor-widget-container\">\n\t\t\t\t\t\t\t\t\t\t\t\t\t\t\t<img decoding=\"async\" width=\"439\" height=\"266\" src=\"https:\/\/greencurvesdesign.com\/wp-content\/uploads\/2022\/03\/infraestrcutura-es_02.png\" class=\"attachment-full size-full wp-image-106\" alt=\"\" \/>\t\t\t\t\t\t\t\t\t\t\t\t\t\t\t<\/div>\n\t\t\t\t<\/div>\n\t\t\t\t\t<\/div>\n\t\t<\/div>\n\t\t\t\t\t<\/div>\n\t\t<\/section>\n\t\t\t\t\t<\/div>\n\t\t<\/div>\n\t\t\t\t\t<\/div>\n\t\t<\/section>\n\t\t\t\t<\/div>","protected":false},"excerpt":{"rendered":"<p>Infrastructure Planning As land planners, we welcome the challenge of designing and implementing certain and specific elements of an enterprise or project. Complete planning and design is not always necessary nor applicable when existing infrastructure exists or complications arise. For these reasons, we can easily adapt our work flow to accommodate problem solving regarding existing [&hellip;]<\/p>\n","protected":false},"author":1,"featured_media":0,"parent":1857,"menu_order":0,"comment_status":"closed","ping_status":"closed","template":"elementor_header_footer","meta":{"nf_dc_page":"","footnotes":""},"class_list":["post-1870","page","type-page","status-publish","hentry"],"yoast_head":"<!-- This site is optimized with the Yoast SEO plugin v27.4 - https:\/\/yoast.com\/product\/yoast-seo-wordpress\/ -->\n<title>Infrastructure Planning - Green Curves Design<\/title>\n<meta name=\"robots\" content=\"index, follow, max-snippet:-1, max-image-preview:large, max-video-preview:-1\" \/>\n<link rel=\"canonical\" href=\"https:\/\/greencurvesdesign.com\/es\/services\/land-planning\/infrastructure-planning\/\" \/>\n<meta property=\"og:locale\" content=\"es_ES\" \/>\n<meta property=\"og:type\" content=\"article\" \/>\n<meta property=\"og:title\" content=\"Infrastructure Planning - Green Curves Design\" \/>\n<meta property=\"og:description\" content=\"Infrastructure Planning As land planners, we welcome the challenge of designing and implementing certain and specific elements of an enterprise or project. Complete planning and design is not always necessary nor applicable when existing infrastructure exists or complications arise. For these reasons, we can easily adapt our work flow to accommodate problem solving regarding existing [&hellip;]\" \/>\n<meta property=\"og:url\" content=\"https:\/\/greencurvesdesign.com\/es\/services\/land-planning\/infrastructure-planning\/\" \/>\n<meta property=\"og:site_name\" content=\"Green Curves Design\" \/>\n<meta property=\"article:modified_time\" content=\"2022-03-28T20:10:23+00:00\" \/>\n<meta property=\"og:image\" content=\"https:\/\/greencurvesdesign.com\/wp-content\/uploads\/2021\/11\/map.svg\" \/>\n<meta name=\"twitter:card\" content=\"summary_large_image\" \/>\n<script type=\"application\/ld+json\" class=\"yoast-schema-graph\">{\"@context\":\"https:\\\/\\\/schema.org\",\"@graph\":[{\"@type\":\"WebPage\",\"@id\":\"https:\\\/\\\/greencurvesdesign.com\\\/services\\\/land-planning\\\/infrastructure-planning\\\/\",\"url\":\"https:\\\/\\\/greencurvesdesign.com\\\/services\\\/land-planning\\\/infrastructure-planning\\\/\",\"name\":\"Infrastructure Planning - Green Curves Design\",\"isPartOf\":{\"@id\":\"http:\\\/\\\/box5683.temp.domains\\\/~reencurv\\\/#website\"},\"primaryImageOfPage\":{\"@id\":\"https:\\\/\\\/greencurvesdesign.com\\\/services\\\/land-planning\\\/infrastructure-planning\\\/#primaryimage\"},\"image\":{\"@id\":\"https:\\\/\\\/greencurvesdesign.com\\\/services\\\/land-planning\\\/infrastructure-planning\\\/#primaryimage\"},\"thumbnailUrl\":\"https:\\\/\\\/greencurvesdesign.com\\\/wp-content\\\/uploads\\\/2021\\\/11\\\/map.svg\",\"datePublished\":\"2022-01-03T15:38:16+00:00\",\"dateModified\":\"2022-03-28T20:10:23+00:00\",\"breadcrumb\":{\"@id\":\"https:\\\/\\\/greencurvesdesign.com\\\/services\\\/land-planning\\\/infrastructure-planning\\\/#breadcrumb\"},\"inLanguage\":\"es\",\"potentialAction\":[{\"@type\":\"ReadAction\",\"target\":[\"https:\\\/\\\/greencurvesdesign.com\\\/services\\\/land-planning\\\/infrastructure-planning\\\/\"]}]},{\"@type\":\"ImageObject\",\"inLanguage\":\"es\",\"@id\":\"https:\\\/\\\/greencurvesdesign.com\\\/services\\\/land-planning\\\/infrastructure-planning\\\/#primaryimage\",\"url\":\"https:\\\/\\\/greencurvesdesign.com\\\/wp-content\\\/uploads\\\/2021\\\/11\\\/map.svg\",\"contentUrl\":\"https:\\\/\\\/greencurvesdesign.com\\\/wp-content\\\/uploads\\\/2021\\\/11\\\/map.svg\"},{\"@type\":\"BreadcrumbList\",\"@id\":\"https:\\\/\\\/greencurvesdesign.com\\\/services\\\/land-planning\\\/infrastructure-planning\\\/#breadcrumb\",\"itemListElement\":[{\"@type\":\"ListItem\",\"position\":1,\"name\":\"Home\",\"item\":\"https:\\\/\\\/greencurvesdesign.com\\\/\"},{\"@type\":\"ListItem\",\"position\":2,\"name\":\"Services\",\"item\":\"https:\\\/\\\/greencurvesdesign.com\\\/services\\\/\"},{\"@type\":\"ListItem\",\"position\":3,\"name\":\"Land Planning\",\"item\":\"https:\\\/\\\/greencurvesdesign.com\\\/services\\\/land-planning\\\/\"},{\"@type\":\"ListItem\",\"position\":4,\"name\":\"Infrastructure Planning\"}]},{\"@type\":\"WebSite\",\"@id\":\"http:\\\/\\\/box5683.temp.domains\\\/~reencurv\\\/#website\",\"url\":\"http:\\\/\\\/box5683.temp.domains\\\/~reencurv\\\/\",\"name\":\"Green Curves Design\",\"description\":\"\",\"potentialAction\":[{\"@type\":\"SearchAction\",\"target\":{\"@type\":\"EntryPoint\",\"urlTemplate\":\"http:\\\/\\\/box5683.temp.domains\\\/~reencurv\\\/?s={search_term_string}\"},\"query-input\":{\"@type\":\"PropertyValueSpecification\",\"valueRequired\":true,\"valueName\":\"search_term_string\"}}],\"inLanguage\":\"es\"}]}<\/script>\n<!-- \/ Yoast SEO plugin. -->","yoast_head_json":{"title":"Infrastructure Planning - Green Curves Design","robots":{"index":"index","follow":"follow","max-snippet":"max-snippet:-1","max-image-preview":"max-image-preview:large","max-video-preview":"max-video-preview:-1"},"canonical":"https:\/\/greencurvesdesign.com\/es\/services\/land-planning\/infrastructure-planning\/","og_locale":"es_ES","og_type":"article","og_title":"Infrastructure Planning - Green Curves Design","og_description":"Infrastructure Planning As land planners, we welcome the challenge of designing and implementing certain and specific elements of an enterprise or project. Complete planning and design is not always necessary nor applicable when existing infrastructure exists or complications arise. For these reasons, we can easily adapt our work flow to accommodate problem solving regarding existing [&hellip;]","og_url":"https:\/\/greencurvesdesign.com\/es\/services\/land-planning\/infrastructure-planning\/","og_site_name":"Green Curves Design","article_modified_time":"2022-03-28T20:10:23+00:00","og_image":[{"url":"https:\/\/greencurvesdesign.com\/wp-content\/uploads\/2021\/11\/map.svg","type":"","width":"","height":""}],"twitter_card":"summary_large_image","schema":{"@context":"https:\/\/schema.org","@graph":[{"@type":"WebPage","@id":"https:\/\/greencurvesdesign.com\/services\/land-planning\/infrastructure-planning\/","url":"https:\/\/greencurvesdesign.com\/services\/land-planning\/infrastructure-planning\/","name":"Infrastructure Planning - Green Curves Design","isPartOf":{"@id":"http:\/\/box5683.temp.domains\/~reencurv\/#website"},"primaryImageOfPage":{"@id":"https:\/\/greencurvesdesign.com\/services\/land-planning\/infrastructure-planning\/#primaryimage"},"image":{"@id":"https:\/\/greencurvesdesign.com\/services\/land-planning\/infrastructure-planning\/#primaryimage"},"thumbnailUrl":"https:\/\/greencurvesdesign.com\/wp-content\/uploads\/2021\/11\/map.svg","datePublished":"2022-01-03T15:38:16+00:00","dateModified":"2022-03-28T20:10:23+00:00","breadcrumb":{"@id":"https:\/\/greencurvesdesign.com\/services\/land-planning\/infrastructure-planning\/#breadcrumb"},"inLanguage":"es","potentialAction":[{"@type":"ReadAction","target":["https:\/\/greencurvesdesign.com\/services\/land-planning\/infrastructure-planning\/"]}]},{"@type":"ImageObject","inLanguage":"es","@id":"https:\/\/greencurvesdesign.com\/services\/land-planning\/infrastructure-planning\/#primaryimage","url":"https:\/\/greencurvesdesign.com\/wp-content\/uploads\/2021\/11\/map.svg","contentUrl":"https:\/\/greencurvesdesign.com\/wp-content\/uploads\/2021\/11\/map.svg"},{"@type":"BreadcrumbList","@id":"https:\/\/greencurvesdesign.com\/services\/land-planning\/infrastructure-planning\/#breadcrumb","itemListElement":[{"@type":"ListItem","position":1,"name":"Home","item":"https:\/\/greencurvesdesign.com\/"},{"@type":"ListItem","position":2,"name":"Services","item":"https:\/\/greencurvesdesign.com\/services\/"},{"@type":"ListItem","position":3,"name":"Land Planning","item":"https:\/\/greencurvesdesign.com\/services\/land-planning\/"},{"@type":"ListItem","position":4,"name":"Infrastructure Planning"}]},{"@type":"WebSite","@id":"http:\/\/box5683.temp.domains\/~reencurv\/#website","url":"http:\/\/box5683.temp.domains\/~reencurv\/","name":"Green Curves Design","description":"","potentialAction":[{"@type":"SearchAction","target":{"@type":"EntryPoint","urlTemplate":"http:\/\/box5683.temp.domains\/~reencurv\/?s={search_term_string}"},"query-input":{"@type":"PropertyValueSpecification","valueRequired":true,"valueName":"search_term_string"}}],"inLanguage":"es"}]}},"_links":{"self":[{"href":"https:\/\/greencurvesdesign.com\/es\/wp-json\/wp\/v2\/pages\/1870","targetHints":{"allow":["GET"]}}],"collection":[{"href":"https:\/\/greencurvesdesign.com\/es\/wp-json\/wp\/v2\/pages"}],"about":[{"href":"https:\/\/greencurvesdesign.com\/es\/wp-json\/wp\/v2\/types\/page"}],"author":[{"embeddable":true,"href":"https:\/\/greencurvesdesign.com\/es\/wp-json\/wp\/v2\/users\/1"}],"replies":[{"embeddable":true,"href":"https:\/\/greencurvesdesign.com\/es\/wp-json\/wp\/v2\/comments?post=1870"}],"version-history":[{"count":5,"href":"https:\/\/greencurvesdesign.com\/es\/wp-json\/wp\/v2\/pages\/1870\/revisions"}],"predecessor-version":[{"id":1985,"href":"https:\/\/greencurvesdesign.com\/es\/wp-json\/wp\/v2\/pages\/1870\/revisions\/1985"}],"up":[{"embeddable":true,"href":"https:\/\/greencurvesdesign.com\/es\/wp-json\/wp\/v2\/pages\/1857"}],"wp:attachment":[{"href":"https:\/\/greencurvesdesign.com\/es\/wp-json\/wp\/v2\/media?parent=1870"}],"curies":[{"name":"wp","href":"https:\/\/api.w.org\/{rel}","templated":true}]}}