{"id":1865,"date":"2022-01-03T15:35:12","date_gmt":"2022-01-03T15:35:12","guid":{"rendered":"https:\/\/greencurvesdesign.com\/?page_id=1865"},"modified":"2022-03-28T20:10:27","modified_gmt":"2022-03-28T20:10:27","slug":"purchase-evaluation","status":"publish","type":"page","link":"https:\/\/greencurvesdesign.com\/es\/services\/purchase-evaluation\/","title":{"rendered":"Asesoramiento en compra"},"content":{"rendered":"<div data-elementor-type=\"wp-page\" data-elementor-id=\"1865\" class=\"elementor elementor-1865\">\n\t\t\t\t\t\t<section class=\"elementor-section elementor-top-section elementor-element elementor-element-f0de1d6 elementor-section-boxed elementor-section-height-default elementor-section-height-default\" data-id=\"f0de1d6\" data-element_type=\"section\" data-e-type=\"section\" data-settings=\"{&quot;background_background&quot;:&quot;classic&quot;}\">\n\t\t\t\t\t\t<div class=\"elementor-container elementor-column-gap-default\">\n\t\t\t\t\t<div class=\"elementor-column elementor-col-100 elementor-top-column elementor-element elementor-element-667684e\" data-id=\"667684e\" data-element_type=\"column\" data-e-type=\"column\">\n\t\t\t<div class=\"elementor-widget-wrap elementor-element-populated\">\n\t\t\t\t\t\t<div class=\"elementor-element elementor-element-39c9b35 elementor-align-center elementor-widget elementor-widget-button\" data-id=\"39c9b35\" data-element_type=\"widget\" data-e-type=\"widget\" data-widget_type=\"button.default\">\n\t\t\t\t<div class=\"elementor-widget-container\">\n\t\t\t\t\t\t\t\t\t<div class=\"elementor-button-wrapper\">\n\t\t\t\t\t<a class=\"elementor-button elementor-size-xl\" role=\"button\">\n\t\t\t\t\t\t<span class=\"elementor-button-content-wrapper\">\n\t\t\t\t\t\t\t\t\t<span class=\"elementor-button-text\">Asesoramiento en compra<\/span>\n\t\t\t\t\t<\/span>\n\t\t\t\t\t<\/a>\n\t\t\t\t<\/div>\n\t\t\t\t\t\t\t\t<\/div>\n\t\t\t\t<\/div>\n\t\t\t\t<div class=\"elementor-element elementor-element-b9d113c elementor-widget elementor-widget-heading\" data-id=\"b9d113c\" data-element_type=\"widget\" data-e-type=\"widget\" data-widget_type=\"heading.default\">\n\t\t\t\t<div class=\"elementor-widget-container\">\n\t\t\t\t\t<h3 class=\"elementor-heading-title elementor-size-default\">Colaboramos en la evaluaci\u00f3n de compra de un terreno en relaci\u00f3n al contexto de un negocio, proyecto o aspiraciones personales del cliente.<\/h3>\t\t\t\t<\/div>\n\t\t\t\t<\/div>\n\t\t\t\t<section class=\"elementor-section elementor-inner-section elementor-element elementor-element-fa0b44f elementor-section-boxed elementor-section-height-default elementor-section-height-default\" data-id=\"fa0b44f\" data-element_type=\"section\" data-e-type=\"section\">\n\t\t\t\t\t\t<div class=\"elementor-container elementor-column-gap-default\">\n\t\t\t\t\t<div class=\"elementor-column elementor-col-33 elementor-inner-column elementor-element elementor-element-e1958b4\" data-id=\"e1958b4\" data-element_type=\"column\" data-e-type=\"column\">\n\t\t\t<div class=\"elementor-widget-wrap elementor-element-populated\">\n\t\t\t\t\t\t<div class=\"elementor-element elementor-element-8e677b2 elementor-widget elementor-widget-text-editor\" data-id=\"8e677b2\" data-element_type=\"widget\" data-e-type=\"widget\" data-widget_type=\"text-editor.default\">\n\t\t\t\t<div class=\"elementor-widget-container\">\n\t\t\t\t\t\t\t\t\t<p>Permiti\u00e9ndonos ser parte de su proyecto desde su comienzo puede perfeccionar la toma de decisiones, reducir problemas inesperados y acrecentar el \u00e9xito en general, en relaci\u00f3n a sus metas y objetivos. No cualquier terreno ser\u00e1 acorde a todas las funciones necesarias de un proyecto. Si se est\u00e1 planificando desarrollar ganado, agricultura, producci\u00f3n a escala familiar, o simplemente un lugar para habitar y disfrutar, todos estos proyectos requieren un enfoque diferente a la hora de comprometerse con un lugar. La orientaci\u00f3n, la pendiente, la disponibilidad del agua, el acceso y la forma son tan solo algunas de las caracter\u00edsticas individuales que necesitan ser tomadas en cuenta, analizadas y comprendidas para poder as\u00ed tomar las decisiones correctas previas a realizar la inversi\u00f3n en un terreno. Con nuestro apoyo y ayuda profesional durante esta fase inicial, se podr\u00e1n priorizar los requerimientos y alinearlos con las opciones disponibles de compra.<\/p>\t\t\t\t\t\t\t\t<\/div>\n\t\t\t\t<\/div>\n\t\t\t\t\t<\/div>\n\t\t<\/div>\n\t\t\t\t<div class=\"elementor-column elementor-col-66 elementor-inner-column elementor-element elementor-element-d49e417\" data-id=\"d49e417\" data-element_type=\"column\" data-e-type=\"column\">\n\t\t\t<div class=\"elementor-widget-wrap elementor-element-populated\">\n\t\t\t\t\t\t<div class=\"elementor-element elementor-element-809b25b elementor-widget elementor-widget-image\" data-id=\"809b25b\" data-element_type=\"widget\" data-e-type=\"widget\" data-widget_type=\"image.default\">\n\t\t\t\t<div class=\"elementor-widget-container\">\n\t\t\t\t\t\t\t\t\t\t\t\t\t\t\t<img fetchpriority=\"high\" decoding=\"async\" width=\"660\" height=\"561\" src=\"https:\/\/greencurvesdesign.com\/wp-content\/uploads\/2021\/11\/evaluation-services.jpg\" class=\"attachment-large size-large wp-image-33\" alt=\"\" srcset=\"https:\/\/greencurvesdesign.com\/wp-content\/uploads\/2021\/11\/evaluation-services.jpg 660w, https:\/\/greencurvesdesign.com\/wp-content\/uploads\/2021\/11\/evaluation-services-300x255.jpg 300w\" sizes=\"(max-width: 660px) 100vw, 660px\" \/>\t\t\t\t\t\t\t\t\t\t\t\t\t\t\t<\/div>\n\t\t\t\t<\/div>\n\t\t\t\t\t<\/div>\n\t\t<\/div>\n\t\t\t\t\t<\/div>\n\t\t<\/section>\n\t\t\t\t\t<\/div>\n\t\t<\/div>\n\t\t\t\t\t<\/div>\n\t\t<\/section>\n\t\t\t\t<\/div>","protected":false},"excerpt":{"rendered":"<p>Purchase Evaluation Aligning the context of a business, a project, or an individual&#8217;s aspirations to a piece of land. We will assist you in selecting the appropriate site for your land development projects. Allowing us to be part of the process from the beginning of your project can improve decision making, reduce unseen issues, and [&hellip;]<\/p>\n","protected":false},"author":1,"featured_media":0,"parent":174,"menu_order":0,"comment_status":"closed","ping_status":"closed","template":"elementor_header_footer","meta":{"nf_dc_page":"","footnotes":""},"class_list":["post-1865","page","type-page","status-publish","hentry"],"yoast_head":"<!-- This site is optimized with the Yoast SEO plugin v27.4 - https:\/\/yoast.com\/product\/yoast-seo-wordpress\/ -->\n<title>Purchase Evaluation - Green Curves Design<\/title>\n<meta name=\"robots\" content=\"index, follow, max-snippet:-1, max-image-preview:large, max-video-preview:-1\" \/>\n<link rel=\"canonical\" href=\"https:\/\/greencurvesdesign.com\/es\/services\/purchase-evaluation\/\" \/>\n<meta property=\"og:locale\" content=\"es_ES\" \/>\n<meta property=\"og:type\" content=\"article\" \/>\n<meta property=\"og:title\" content=\"Purchase Evaluation - Green Curves Design\" \/>\n<meta property=\"og:description\" content=\"Purchase Evaluation Aligning the context of a business, a project, or an individual&#8217;s aspirations to a piece of land. We will assist you in selecting the appropriate site for your land development projects. Allowing us to be part of the process from the beginning of your project can improve decision making, reduce unseen issues, and [&hellip;]\" \/>\n<meta property=\"og:url\" content=\"https:\/\/greencurvesdesign.com\/es\/services\/purchase-evaluation\/\" \/>\n<meta property=\"og:site_name\" content=\"Green Curves Design\" \/>\n<meta property=\"article:modified_time\" content=\"2022-03-28T20:10:27+00:00\" \/>\n<meta property=\"og:image\" content=\"https:\/\/greencurvesdesign.com\/wp-content\/uploads\/2021\/11\/evaluation-services.jpg\" \/>\n<meta name=\"twitter:card\" content=\"summary_large_image\" \/>\n<meta name=\"twitter:label1\" content=\"Tiempo de lectura\" \/>\n\t<meta name=\"twitter:data1\" content=\"1 minuto\" \/>\n<script type=\"application\/ld+json\" class=\"yoast-schema-graph\">{\"@context\":\"https:\\\/\\\/schema.org\",\"@graph\":[{\"@type\":\"WebPage\",\"@id\":\"https:\\\/\\\/greencurvesdesign.com\\\/services\\\/purchase-evaluation\\\/\",\"url\":\"https:\\\/\\\/greencurvesdesign.com\\\/services\\\/purchase-evaluation\\\/\",\"name\":\"Purchase Evaluation - Green Curves Design\",\"isPartOf\":{\"@id\":\"http:\\\/\\\/box5683.temp.domains\\\/~reencurv\\\/#website\"},\"primaryImageOfPage\":{\"@id\":\"https:\\\/\\\/greencurvesdesign.com\\\/services\\\/purchase-evaluation\\\/#primaryimage\"},\"image\":{\"@id\":\"https:\\\/\\\/greencurvesdesign.com\\\/services\\\/purchase-evaluation\\\/#primaryimage\"},\"thumbnailUrl\":\"https:\\\/\\\/greencurvesdesign.com\\\/wp-content\\\/uploads\\\/2021\\\/11\\\/evaluation-services.jpg\",\"datePublished\":\"2022-01-03T15:35:12+00:00\",\"dateModified\":\"2022-03-28T20:10:27+00:00\",\"breadcrumb\":{\"@id\":\"https:\\\/\\\/greencurvesdesign.com\\\/services\\\/purchase-evaluation\\\/#breadcrumb\"},\"inLanguage\":\"es\",\"potentialAction\":[{\"@type\":\"ReadAction\",\"target\":[\"https:\\\/\\\/greencurvesdesign.com\\\/services\\\/purchase-evaluation\\\/\"]}]},{\"@type\":\"ImageObject\",\"inLanguage\":\"es\",\"@id\":\"https:\\\/\\\/greencurvesdesign.com\\\/services\\\/purchase-evaluation\\\/#primaryimage\",\"url\":\"https:\\\/\\\/greencurvesdesign.com\\\/wp-content\\\/uploads\\\/2021\\\/11\\\/evaluation-services.jpg\",\"contentUrl\":\"https:\\\/\\\/greencurvesdesign.com\\\/wp-content\\\/uploads\\\/2021\\\/11\\\/evaluation-services.jpg\"},{\"@type\":\"BreadcrumbList\",\"@id\":\"https:\\\/\\\/greencurvesdesign.com\\\/services\\\/purchase-evaluation\\\/#breadcrumb\",\"itemListElement\":[{\"@type\":\"ListItem\",\"position\":1,\"name\":\"Home\",\"item\":\"https:\\\/\\\/greencurvesdesign.com\\\/\"},{\"@type\":\"ListItem\",\"position\":2,\"name\":\"Services\",\"item\":\"https:\\\/\\\/greencurvesdesign.com\\\/services\\\/\"},{\"@type\":\"ListItem\",\"position\":3,\"name\":\"Purchase Evaluation\"}]},{\"@type\":\"WebSite\",\"@id\":\"http:\\\/\\\/box5683.temp.domains\\\/~reencurv\\\/#website\",\"url\":\"http:\\\/\\\/box5683.temp.domains\\\/~reencurv\\\/\",\"name\":\"Green Curves Design\",\"description\":\"\",\"potentialAction\":[{\"@type\":\"SearchAction\",\"target\":{\"@type\":\"EntryPoint\",\"urlTemplate\":\"http:\\\/\\\/box5683.temp.domains\\\/~reencurv\\\/?s={search_term_string}\"},\"query-input\":{\"@type\":\"PropertyValueSpecification\",\"valueRequired\":true,\"valueName\":\"search_term_string\"}}],\"inLanguage\":\"es\"}]}<\/script>\n<!-- \/ Yoast SEO plugin. -->","yoast_head_json":{"title":"Purchase Evaluation - Green Curves Design","robots":{"index":"index","follow":"follow","max-snippet":"max-snippet:-1","max-image-preview":"max-image-preview:large","max-video-preview":"max-video-preview:-1"},"canonical":"https:\/\/greencurvesdesign.com\/es\/services\/purchase-evaluation\/","og_locale":"es_ES","og_type":"article","og_title":"Purchase Evaluation - Green Curves Design","og_description":"Purchase Evaluation Aligning the context of a business, a project, or an individual&#8217;s aspirations to a piece of land. We will assist you in selecting the appropriate site for your land development projects. Allowing us to be part of the process from the beginning of your project can improve decision making, reduce unseen issues, and [&hellip;]","og_url":"https:\/\/greencurvesdesign.com\/es\/services\/purchase-evaluation\/","og_site_name":"Green Curves Design","article_modified_time":"2022-03-28T20:10:27+00:00","og_image":[{"url":"https:\/\/greencurvesdesign.com\/wp-content\/uploads\/2021\/11\/evaluation-services.jpg","type":"","width":"","height":""}],"twitter_card":"summary_large_image","twitter_misc":{"Tiempo de lectura":"1 minuto"},"schema":{"@context":"https:\/\/schema.org","@graph":[{"@type":"WebPage","@id":"https:\/\/greencurvesdesign.com\/services\/purchase-evaluation\/","url":"https:\/\/greencurvesdesign.com\/services\/purchase-evaluation\/","name":"Purchase Evaluation - Green Curves Design","isPartOf":{"@id":"http:\/\/box5683.temp.domains\/~reencurv\/#website"},"primaryImageOfPage":{"@id":"https:\/\/greencurvesdesign.com\/services\/purchase-evaluation\/#primaryimage"},"image":{"@id":"https:\/\/greencurvesdesign.com\/services\/purchase-evaluation\/#primaryimage"},"thumbnailUrl":"https:\/\/greencurvesdesign.com\/wp-content\/uploads\/2021\/11\/evaluation-services.jpg","datePublished":"2022-01-03T15:35:12+00:00","dateModified":"2022-03-28T20:10:27+00:00","breadcrumb":{"@id":"https:\/\/greencurvesdesign.com\/services\/purchase-evaluation\/#breadcrumb"},"inLanguage":"es","potentialAction":[{"@type":"ReadAction","target":["https:\/\/greencurvesdesign.com\/services\/purchase-evaluation\/"]}]},{"@type":"ImageObject","inLanguage":"es","@id":"https:\/\/greencurvesdesign.com\/services\/purchase-evaluation\/#primaryimage","url":"https:\/\/greencurvesdesign.com\/wp-content\/uploads\/2021\/11\/evaluation-services.jpg","contentUrl":"https:\/\/greencurvesdesign.com\/wp-content\/uploads\/2021\/11\/evaluation-services.jpg"},{"@type":"BreadcrumbList","@id":"https:\/\/greencurvesdesign.com\/services\/purchase-evaluation\/#breadcrumb","itemListElement":[{"@type":"ListItem","position":1,"name":"Home","item":"https:\/\/greencurvesdesign.com\/"},{"@type":"ListItem","position":2,"name":"Services","item":"https:\/\/greencurvesdesign.com\/services\/"},{"@type":"ListItem","position":3,"name":"Purchase Evaluation"}]},{"@type":"WebSite","@id":"http:\/\/box5683.temp.domains\/~reencurv\/#website","url":"http:\/\/box5683.temp.domains\/~reencurv\/","name":"Green Curves Design","description":"","potentialAction":[{"@type":"SearchAction","target":{"@type":"EntryPoint","urlTemplate":"http:\/\/box5683.temp.domains\/~reencurv\/?s={search_term_string}"},"query-input":{"@type":"PropertyValueSpecification","valueRequired":true,"valueName":"search_term_string"}}],"inLanguage":"es"}]}},"_links":{"self":[{"href":"https:\/\/greencurvesdesign.com\/es\/wp-json\/wp\/v2\/pages\/1865","targetHints":{"allow":["GET"]}}],"collection":[{"href":"https:\/\/greencurvesdesign.com\/es\/wp-json\/wp\/v2\/pages"}],"about":[{"href":"https:\/\/greencurvesdesign.com\/es\/wp-json\/wp\/v2\/types\/page"}],"author":[{"embeddable":true,"href":"https:\/\/greencurvesdesign.com\/es\/wp-json\/wp\/v2\/users\/1"}],"replies":[{"embeddable":true,"href":"https:\/\/greencurvesdesign.com\/es\/wp-json\/wp\/v2\/comments?post=1865"}],"version-history":[{"count":5,"href":"https:\/\/greencurvesdesign.com\/es\/wp-json\/wp\/v2\/pages\/1865\/revisions"}],"predecessor-version":[{"id":1976,"href":"https:\/\/greencurvesdesign.com\/es\/wp-json\/wp\/v2\/pages\/1865\/revisions\/1976"}],"up":[{"embeddable":true,"href":"https:\/\/greencurvesdesign.com\/es\/wp-json\/wp\/v2\/pages\/174"}],"wp:attachment":[{"href":"https:\/\/greencurvesdesign.com\/es\/wp-json\/wp\/v2\/media?parent=1865"}],"curies":[{"name":"wp","href":"https:\/\/api.w.org\/{rel}","templated":true}]}}