{"id":1836,"date":"2022-01-03T14:35:34","date_gmt":"2022-01-03T14:35:34","guid":{"rendered":"https:\/\/greencurvesdesign.com\/?page_id=1836"},"modified":"2022-03-28T20:10:19","modified_gmt":"2022-03-28T20:10:19","slug":"tools","status":"publish","type":"page","link":"https:\/\/greencurvesdesign.com\/es\/methodology\/tools\/","title":{"rendered":"Herramientas"},"content":{"rendered":"<div data-elementor-type=\"wp-page\" data-elementor-id=\"1836\" class=\"elementor elementor-1836\">\n\t\t\t\t\t\t<section class=\"elementor-section elementor-top-section elementor-element elementor-element-78bb21b elementor-section-boxed elementor-section-height-default elementor-section-height-default\" data-id=\"78bb21b\" data-element_type=\"section\" data-e-type=\"section\" data-settings=\"{&quot;background_background&quot;:&quot;classic&quot;}\">\n\t\t\t\t\t\t<div class=\"elementor-container elementor-column-gap-default\">\n\t\t\t\t\t<div class=\"elementor-column elementor-col-100 elementor-top-column elementor-element elementor-element-8943e95\" data-id=\"8943e95\" data-element_type=\"column\" data-e-type=\"column\">\n\t\t\t<div class=\"elementor-widget-wrap elementor-element-populated\">\n\t\t\t\t\t\t<div class=\"elementor-element elementor-element-8404bee elementor-widget elementor-widget-heading\" data-id=\"8404bee\" data-element_type=\"widget\" data-e-type=\"widget\" data-widget_type=\"heading.default\">\n\t\t\t\t<div class=\"elementor-widget-container\">\n\t\t\t\t\t<h1 class=\"elementor-heading-title elementor-size-default\">Metodolog\u00eda del dise\u00f1o<\/h1>\t\t\t\t<\/div>\n\t\t\t\t<\/div>\n\t\t\t\t<div class=\"elementor-element elementor-element-4278889 elementor-widget elementor-widget-image\" data-id=\"4278889\" data-element_type=\"widget\" data-e-type=\"widget\" data-widget_type=\"image.default\">\n\t\t\t\t<div class=\"elementor-widget-container\">\n\t\t\t\t\t\t\t\t\t\t\t\t\t\t\t<img fetchpriority=\"high\" decoding=\"async\" width=\"520\" height=\"108\" src=\"https:\/\/greencurvesdesign.com\/wp-content\/uploads\/2022\/03\/herramientas.svg\" class=\"attachment-full size-full wp-image-132\" alt=\"\" \/>\t\t\t\t\t\t\t\t\t\t\t\t\t\t\t<\/div>\n\t\t\t\t<\/div>\n\t\t\t\t<div class=\"elementor-element elementor-element-59f0d6c elementor-widget elementor-widget-heading\" data-id=\"59f0d6c\" data-element_type=\"widget\" data-e-type=\"widget\" data-widget_type=\"heading.default\">\n\t\t\t\t<div class=\"elementor-widget-container\">\n\t\t\t\t\t<h2 class=\"elementor-heading-title elementor-size-default\">T\u00e9cnicas<\/h2>\t\t\t\t<\/div>\n\t\t\t\t<\/div>\n\t\t\t\t<div class=\"elementor-element elementor-element-24a1c35 elementor-widget elementor-widget-heading\" data-id=\"24a1c35\" data-element_type=\"widget\" data-e-type=\"widget\" data-widget_type=\"heading.default\">\n\t\t\t\t<div class=\"elementor-widget-container\">\n\t\t\t\t\t<h3 class=\"elementor-heading-title elementor-size-default\">TECNOLOG\u00cdA SIG, EVALUACI\u00d3N A\u00c9REA Y PLANIFICACI\u00d3N<\/h3>\t\t\t\t<\/div>\n\t\t\t\t<\/div>\n\t\t\t\t<div class=\"elementor-element elementor-element-3db945f elementor-widget elementor-widget-heading\" data-id=\"3db945f\" data-element_type=\"widget\" data-e-type=\"widget\" data-widget_type=\"heading.default\">\n\t\t\t\t<div class=\"elementor-widget-container\">\n\t\t\t\t\t<h3 class=\"elementor-heading-title elementor-size-default\">Para apoyar a nuestro proceso de dise\u00f1o, se recolecta informaci\u00f3n de alta resoluci\u00f3n a trav\u00e9s de relevamientos topogr\u00e1ficos proporcionados por aviones, drones y sat\u00e9lites, con el objetivo de evaluar las condiciones del terreno.<\/h3>\t\t\t\t<\/div>\n\t\t\t\t<\/div>\n\t\t\t\t<div class=\"elementor-element elementor-element-6c05aa7 elementor-widget elementor-widget-heading\" data-id=\"6c05aa7\" data-element_type=\"widget\" data-e-type=\"widget\" data-widget_type=\"heading.default\">\n\t\t\t\t<div class=\"elementor-widget-container\">\n\t\t\t\t\t<h4 class=\"elementor-heading-title elementor-size-default\">Esta informaci\u00f3n digital es luego visualizada, analizada y editada como informaci\u00f3n geoespacial (SIG). Estos recursos de avanzada tecnolog\u00eda y la informaci\u00f3n que proporcionan est\u00e1n apoyados por tecnolog\u00edas de navegaci\u00f3n cin\u00e9tica satelital en tiempo real (RTK, Real Time Kinematic positioning), obteniendo e incrementando la precisi\u00f3n de la informaci\u00f3n posicional en el momento de transici\u00f3n en el que los planos digitales son replanteados en la tierra. Otras tecnolog\u00edas m\u00e1s simples (tales como niveles \u00f3pticos y l\u00e1ser, y unidades GPS de mano) son complementarias y acortan a\u00fan m\u00e1s el margen de error a la hora de implementar los dise\u00f1os.<\/h4>\t\t\t\t<\/div>\n\t\t\t\t<\/div>\n\t\t\t\t\t<\/div>\n\t\t<\/div>\n\t\t\t\t\t<\/div>\n\t\t<\/section>\n\t\t\t\t<section class=\"elementor-section elementor-top-section elementor-element elementor-element-6bfdf43 elementor-section-boxed elementor-section-height-default elementor-section-height-default\" data-id=\"6bfdf43\" data-element_type=\"section\" data-e-type=\"section\" data-settings=\"{&quot;background_background&quot;:&quot;classic&quot;}\">\n\t\t\t\t\t\t<div class=\"elementor-container elementor-column-gap-default\">\n\t\t\t\t\t<div class=\"elementor-column elementor-col-100 elementor-top-column elementor-element elementor-element-6b94451\" data-id=\"6b94451\" data-element_type=\"column\" data-e-type=\"column\">\n\t\t\t<div class=\"elementor-widget-wrap elementor-element-populated\">\n\t\t\t\t\t\t<div class=\"elementor-element elementor-element-8605922 elementor-widget elementor-widget-heading\" data-id=\"8605922\" data-element_type=\"widget\" data-e-type=\"widget\" data-widget_type=\"heading.default\">\n\t\t\t\t<div class=\"elementor-widget-container\">\n\t\t\t\t\t<h2 class=\"elementor-heading-title elementor-size-default\">Conceptuales<\/h2>\t\t\t\t<\/div>\n\t\t\t\t<\/div>\n\t\t\t\t<div class=\"elementor-element elementor-element-8ea3feb elementor-widget elementor-widget-heading\" data-id=\"8ea3feb\" data-element_type=\"widget\" data-e-type=\"widget\" data-widget_type=\"heading.default\">\n\t\t\t\t<div class=\"elementor-widget-container\">\n\t\t\t\t\t<h4 class=\"elementor-heading-title elementor-size-default\">Nuestras herramientas conceptuales son una serie de t\u00e9cnicas y metodolog\u00edas testeadas que pueden ser utilizadas o aplicadas a nuestro trabajo, en relaci\u00f3n a su utilidad en cada situaci\u00f3n. Sin caer en dogmas, siempre elegiremos las herramientas m\u00e1s efectivas para llevar a cabo la tarea, alcanzando el mejor resultado posible.<\/h4>\t\t\t\t<\/div>\n\t\t\t\t<\/div>\n\t\t\t\t<div class=\"elementor-element elementor-element-78138a5 elementor-widget elementor-widget-heading\" data-id=\"78138a5\" data-element_type=\"widget\" data-e-type=\"widget\" data-widget_type=\"heading.default\">\n\t\t\t\t<div class=\"elementor-widget-container\">\n\t\t\t\t\t<h3 class=\"elementor-heading-title elementor-size-default\">Herramientas y metodolog\u00edas a nuestro alcance:<\/h3>\t\t\t\t<\/div>\n\t\t\t\t<\/div>\n\t\t\t\t<section class=\"elementor-section elementor-inner-section elementor-element elementor-element-aaa2d7f elementor-section-boxed elementor-section-height-default elementor-section-height-default\" data-id=\"aaa2d7f\" data-element_type=\"section\" data-e-type=\"section\">\n\t\t\t\t\t\t<div class=\"elementor-container elementor-column-gap-default\">\n\t\t\t\t\t<div class=\"elementor-column elementor-col-33 elementor-inner-column elementor-element elementor-element-5c3413a\" data-id=\"5c3413a\" data-element_type=\"column\" data-e-type=\"column\">\n\t\t\t<div class=\"elementor-widget-wrap elementor-element-populated\">\n\t\t\t\t\t\t<div class=\"elementor-element elementor-element-fdf47fa elementor-widget elementor-widget-image\" data-id=\"fdf47fa\" data-element_type=\"widget\" data-e-type=\"widget\" data-widget_type=\"image.default\">\n\t\t\t\t<div class=\"elementor-widget-container\">\n\t\t\t\t\t\t\t\t\t\t\t\t\t\t\t<img decoding=\"async\" width=\"315\" height=\"365\" src=\"https:\/\/greencurvesdesign.com\/wp-content\/uploads\/2022\/03\/herramientas-01.png\" class=\"attachment-full size-full wp-image-139\" alt=\"\" \/>\t\t\t\t\t\t\t\t\t\t\t\t\t\t\t<\/div>\n\t\t\t\t<\/div>\n\t\t\t\t\t<\/div>\n\t\t<\/div>\n\t\t\t\t<div class=\"elementor-column elementor-col-33 elementor-inner-column elementor-element elementor-element-7883011\" data-id=\"7883011\" data-element_type=\"column\" data-e-type=\"column\">\n\t\t\t<div class=\"elementor-widget-wrap elementor-element-populated\">\n\t\t\t\t\t\t<div class=\"elementor-element elementor-element-ccd53a3 elementor-widget elementor-widget-image\" data-id=\"ccd53a3\" data-element_type=\"widget\" data-e-type=\"widget\" data-widget_type=\"image.default\">\n\t\t\t\t<div class=\"elementor-widget-container\">\n\t\t\t\t\t\t\t\t\t\t\t\t\t\t\t<img decoding=\"async\" width=\"330\" height=\"440\" src=\"https:\/\/greencurvesdesign.com\/wp-content\/uploads\/2022\/03\/herramientas-02.png\" class=\"attachment-full size-full wp-image-140\" alt=\"\" \/>\t\t\t\t\t\t\t\t\t\t\t\t\t\t\t<\/div>\n\t\t\t\t<\/div>\n\t\t\t\t\t<\/div>\n\t\t<\/div>\n\t\t\t\t<div class=\"elementor-column elementor-col-33 elementor-inner-column elementor-element elementor-element-5a5b0a3\" data-id=\"5a5b0a3\" data-element_type=\"column\" data-e-type=\"column\">\n\t\t\t<div class=\"elementor-widget-wrap elementor-element-populated\">\n\t\t\t\t\t\t<div class=\"elementor-element elementor-element-5867f02 elementor-widget elementor-widget-image\" data-id=\"5867f02\" data-element_type=\"widget\" data-e-type=\"widget\" data-widget_type=\"image.default\">\n\t\t\t\t<div class=\"elementor-widget-container\">\n\t\t\t\t\t\t\t\t\t\t\t\t\t\t\t<img loading=\"lazy\" decoding=\"async\" width=\"350\" height=\"440\" src=\"https:\/\/greencurvesdesign.com\/wp-content\/uploads\/2022\/03\/herramientas-03.png\" class=\"attachment-full size-full wp-image-141\" alt=\"\" \/>\t\t\t\t\t\t\t\t\t\t\t\t\t\t\t<\/div>\n\t\t\t\t<\/div>\n\t\t\t\t\t<\/div>\n\t\t<\/div>\n\t\t\t\t\t<\/div>\n\t\t<\/section>\n\t\t\t\t\t<\/div>\n\t\t<\/div>\n\t\t\t\t\t<\/div>\n\t\t<\/section>\n\t\t\t\t<\/div>","protected":false},"excerpt":{"rendered":"<p>Design Methodology Technical GIS RESOURCE AND AERIAL ASSESSMENT AND PLANNING To support our design process high resolution data is collected through topographic surveys provided by planes, drones, and satellites for assessing landscape conditions. This digital information is then visualised, analysed and edited as published geospatial information. These high-tech resources and the data it provides is [&hellip;]<\/p>\n","protected":false},"author":1,"featured_media":0,"parent":169,"menu_order":0,"comment_status":"closed","ping_status":"closed","template":"elementor_header_footer","meta":{"nf_dc_page":"","footnotes":""},"class_list":["post-1836","page","type-page","status-publish","hentry"],"yoast_head":"<!-- This site is optimized with the Yoast SEO plugin v27.4 - https:\/\/yoast.com\/product\/yoast-seo-wordpress\/ -->\n<title>Tools - Green Curves Design<\/title>\n<meta name=\"robots\" content=\"index, follow, max-snippet:-1, max-image-preview:large, max-video-preview:-1\" \/>\n<link rel=\"canonical\" href=\"https:\/\/greencurvesdesign.com\/es\/methodology\/tools\/\" \/>\n<meta property=\"og:locale\" content=\"es_ES\" \/>\n<meta property=\"og:type\" content=\"article\" \/>\n<meta property=\"og:title\" content=\"Tools - Green Curves Design\" \/>\n<meta property=\"og:description\" content=\"Design Methodology Technical GIS RESOURCE AND AERIAL ASSESSMENT AND PLANNING To support our design process high resolution data is collected through topographic surveys provided by planes, drones, and satellites for assessing landscape conditions. This digital information is then visualised, analysed and edited as published geospatial information. These high-tech resources and the data it provides is [&hellip;]\" \/>\n<meta property=\"og:url\" content=\"https:\/\/greencurvesdesign.com\/es\/methodology\/tools\/\" \/>\n<meta property=\"og:site_name\" content=\"Green Curves Design\" \/>\n<meta property=\"article:modified_time\" content=\"2022-03-28T20:10:19+00:00\" \/>\n<meta property=\"og:image\" content=\"https:\/\/greencurvesdesign.com\/wp-content\/uploads\/2021\/11\/title-4.svg\" \/>\n<meta name=\"twitter:card\" content=\"summary_large_image\" \/>\n<meta name=\"twitter:label1\" content=\"Tiempo de lectura\" \/>\n\t<meta name=\"twitter:data1\" content=\"1 minuto\" \/>\n<script type=\"application\/ld+json\" class=\"yoast-schema-graph\">{\"@context\":\"https:\\\/\\\/schema.org\",\"@graph\":[{\"@type\":\"WebPage\",\"@id\":\"https:\\\/\\\/greencurvesdesign.com\\\/methodology\\\/tools\\\/\",\"url\":\"https:\\\/\\\/greencurvesdesign.com\\\/methodology\\\/tools\\\/\",\"name\":\"Tools - Green Curves Design\",\"isPartOf\":{\"@id\":\"http:\\\/\\\/box5683.temp.domains\\\/~reencurv\\\/#website\"},\"primaryImageOfPage\":{\"@id\":\"https:\\\/\\\/greencurvesdesign.com\\\/methodology\\\/tools\\\/#primaryimage\"},\"image\":{\"@id\":\"https:\\\/\\\/greencurvesdesign.com\\\/methodology\\\/tools\\\/#primaryimage\"},\"thumbnailUrl\":\"https:\\\/\\\/greencurvesdesign.com\\\/wp-content\\\/uploads\\\/2021\\\/11\\\/title-4.svg\",\"datePublished\":\"2022-01-03T14:35:34+00:00\",\"dateModified\":\"2022-03-28T20:10:19+00:00\",\"breadcrumb\":{\"@id\":\"https:\\\/\\\/greencurvesdesign.com\\\/methodology\\\/tools\\\/#breadcrumb\"},\"inLanguage\":\"es\",\"potentialAction\":[{\"@type\":\"ReadAction\",\"target\":[\"https:\\\/\\\/greencurvesdesign.com\\\/methodology\\\/tools\\\/\"]}]},{\"@type\":\"ImageObject\",\"inLanguage\":\"es\",\"@id\":\"https:\\\/\\\/greencurvesdesign.com\\\/methodology\\\/tools\\\/#primaryimage\",\"url\":\"https:\\\/\\\/greencurvesdesign.com\\\/wp-content\\\/uploads\\\/2021\\\/11\\\/title-4.svg\",\"contentUrl\":\"https:\\\/\\\/greencurvesdesign.com\\\/wp-content\\\/uploads\\\/2021\\\/11\\\/title-4.svg\"},{\"@type\":\"BreadcrumbList\",\"@id\":\"https:\\\/\\\/greencurvesdesign.com\\\/methodology\\\/tools\\\/#breadcrumb\",\"itemListElement\":[{\"@type\":\"ListItem\",\"position\":1,\"name\":\"Home\",\"item\":\"https:\\\/\\\/greencurvesdesign.com\\\/\"},{\"@type\":\"ListItem\",\"position\":2,\"name\":\"Methodology\",\"item\":\"https:\\\/\\\/greencurvesdesign.com\\\/methodology\\\/\"},{\"@type\":\"ListItem\",\"position\":3,\"name\":\"Tools\"}]},{\"@type\":\"WebSite\",\"@id\":\"http:\\\/\\\/box5683.temp.domains\\\/~reencurv\\\/#website\",\"url\":\"http:\\\/\\\/box5683.temp.domains\\\/~reencurv\\\/\",\"name\":\"Green Curves Design\",\"description\":\"\",\"potentialAction\":[{\"@type\":\"SearchAction\",\"target\":{\"@type\":\"EntryPoint\",\"urlTemplate\":\"http:\\\/\\\/box5683.temp.domains\\\/~reencurv\\\/?s={search_term_string}\"},\"query-input\":{\"@type\":\"PropertyValueSpecification\",\"valueRequired\":true,\"valueName\":\"search_term_string\"}}],\"inLanguage\":\"es\"}]}<\/script>\n<!-- \/ Yoast SEO plugin. -->","yoast_head_json":{"title":"Tools - Green Curves Design","robots":{"index":"index","follow":"follow","max-snippet":"max-snippet:-1","max-image-preview":"max-image-preview:large","max-video-preview":"max-video-preview:-1"},"canonical":"https:\/\/greencurvesdesign.com\/es\/methodology\/tools\/","og_locale":"es_ES","og_type":"article","og_title":"Tools - Green Curves Design","og_description":"Design Methodology Technical GIS RESOURCE AND AERIAL ASSESSMENT AND PLANNING To support our design process high resolution data is collected through topographic surveys provided by planes, drones, and satellites for assessing landscape conditions. This digital information is then visualised, analysed and edited as published geospatial information. These high-tech resources and the data it provides is [&hellip;]","og_url":"https:\/\/greencurvesdesign.com\/es\/methodology\/tools\/","og_site_name":"Green Curves Design","article_modified_time":"2022-03-28T20:10:19+00:00","og_image":[{"url":"https:\/\/greencurvesdesign.com\/wp-content\/uploads\/2021\/11\/title-4.svg","type":"","width":"","height":""}],"twitter_card":"summary_large_image","twitter_misc":{"Tiempo de lectura":"1 minuto"},"schema":{"@context":"https:\/\/schema.org","@graph":[{"@type":"WebPage","@id":"https:\/\/greencurvesdesign.com\/methodology\/tools\/","url":"https:\/\/greencurvesdesign.com\/methodology\/tools\/","name":"Tools - Green Curves Design","isPartOf":{"@id":"http:\/\/box5683.temp.domains\/~reencurv\/#website"},"primaryImageOfPage":{"@id":"https:\/\/greencurvesdesign.com\/methodology\/tools\/#primaryimage"},"image":{"@id":"https:\/\/greencurvesdesign.com\/methodology\/tools\/#primaryimage"},"thumbnailUrl":"https:\/\/greencurvesdesign.com\/wp-content\/uploads\/2021\/11\/title-4.svg","datePublished":"2022-01-03T14:35:34+00:00","dateModified":"2022-03-28T20:10:19+00:00","breadcrumb":{"@id":"https:\/\/greencurvesdesign.com\/methodology\/tools\/#breadcrumb"},"inLanguage":"es","potentialAction":[{"@type":"ReadAction","target":["https:\/\/greencurvesdesign.com\/methodology\/tools\/"]}]},{"@type":"ImageObject","inLanguage":"es","@id":"https:\/\/greencurvesdesign.com\/methodology\/tools\/#primaryimage","url":"https:\/\/greencurvesdesign.com\/wp-content\/uploads\/2021\/11\/title-4.svg","contentUrl":"https:\/\/greencurvesdesign.com\/wp-content\/uploads\/2021\/11\/title-4.svg"},{"@type":"BreadcrumbList","@id":"https:\/\/greencurvesdesign.com\/methodology\/tools\/#breadcrumb","itemListElement":[{"@type":"ListItem","position":1,"name":"Home","item":"https:\/\/greencurvesdesign.com\/"},{"@type":"ListItem","position":2,"name":"Methodology","item":"https:\/\/greencurvesdesign.com\/methodology\/"},{"@type":"ListItem","position":3,"name":"Tools"}]},{"@type":"WebSite","@id":"http:\/\/box5683.temp.domains\/~reencurv\/#website","url":"http:\/\/box5683.temp.domains\/~reencurv\/","name":"Green Curves Design","description":"","potentialAction":[{"@type":"SearchAction","target":{"@type":"EntryPoint","urlTemplate":"http:\/\/box5683.temp.domains\/~reencurv\/?s={search_term_string}"},"query-input":{"@type":"PropertyValueSpecification","valueRequired":true,"valueName":"search_term_string"}}],"inLanguage":"es"}]}},"_links":{"self":[{"href":"https:\/\/greencurvesdesign.com\/es\/wp-json\/wp\/v2\/pages\/1836","targetHints":{"allow":["GET"]}}],"collection":[{"href":"https:\/\/greencurvesdesign.com\/es\/wp-json\/wp\/v2\/pages"}],"about":[{"href":"https:\/\/greencurvesdesign.com\/es\/wp-json\/wp\/v2\/types\/page"}],"author":[{"embeddable":true,"href":"https:\/\/greencurvesdesign.com\/es\/wp-json\/wp\/v2\/users\/1"}],"replies":[{"embeddable":true,"href":"https:\/\/greencurvesdesign.com\/es\/wp-json\/wp\/v2\/comments?post=1836"}],"version-history":[{"count":5,"href":"https:\/\/greencurvesdesign.com\/es\/wp-json\/wp\/v2\/pages\/1836\/revisions"}],"predecessor-version":[{"id":6383,"href":"https:\/\/greencurvesdesign.com\/es\/wp-json\/wp\/v2\/pages\/1836\/revisions\/6383"}],"up":[{"embeddable":true,"href":"https:\/\/greencurvesdesign.com\/es\/wp-json\/wp\/v2\/pages\/169"}],"wp:attachment":[{"href":"https:\/\/greencurvesdesign.com\/es\/wp-json\/wp\/v2\/media?parent=1836"}],"curies":[{"name":"wp","href":"https:\/\/api.w.org\/{rel}","templated":true}]}}