{"id":1820,"date":"2022-01-03T14:24:16","date_gmt":"2022-01-03T14:24:16","guid":{"rendered":"https:\/\/greencurvesdesign.com\/?page_id=1820"},"modified":"2022-03-28T20:10:18","modified_gmt":"2022-03-28T20:10:18","slug":"overview","status":"publish","type":"page","link":"https:\/\/greencurvesdesign.com\/es\/methodology\/overview\/","title":{"rendered":"Perspectiva general"},"content":{"rendered":"<div data-elementor-type=\"wp-page\" data-elementor-id=\"1820\" class=\"elementor elementor-1820\">\n\t\t\t\t\t\t<section class=\"elementor-section elementor-top-section elementor-element elementor-element-edb838e elementor-section-boxed elementor-section-height-default elementor-section-height-default\" data-id=\"edb838e\" data-element_type=\"section\" data-e-type=\"section\" data-settings=\"{&quot;background_background&quot;:&quot;classic&quot;}\">\n\t\t\t\t\t\t<div class=\"elementor-container elementor-column-gap-default\">\n\t\t\t\t\t<div class=\"elementor-column elementor-col-100 elementor-top-column elementor-element elementor-element-5ea74c6\" data-id=\"5ea74c6\" data-element_type=\"column\" data-e-type=\"column\">\n\t\t\t<div class=\"elementor-widget-wrap elementor-element-populated\">\n\t\t\t\t\t\t<div class=\"elementor-element elementor-element-fd1d4a1 elementor-widget elementor-widget-heading\" data-id=\"fd1d4a1\" data-element_type=\"widget\" data-e-type=\"widget\" data-widget_type=\"heading.default\">\n\t\t\t\t<div class=\"elementor-widget-container\">\n\t\t\t\t\t<h1 class=\"elementor-heading-title elementor-size-default\">Metodolog\u00eda del dise\u00f1o<\/h1>\t\t\t\t<\/div>\n\t\t\t\t<\/div>\n\t\t\t\t<div class=\"elementor-element elementor-element-780d579 elementor-widget elementor-widget-image\" data-id=\"780d579\" data-element_type=\"widget\" data-e-type=\"widget\" data-widget_type=\"image.default\">\n\t\t\t\t<div class=\"elementor-widget-container\">\n\t\t\t\t\t\t\t\t\t\t\t\t\t\t\t<img fetchpriority=\"high\" decoding=\"async\" width=\"520\" height=\"108\" src=\"https:\/\/greencurvesdesign.com\/wp-content\/uploads\/2022\/03\/perspectiva-general.svg\" class=\"attachment-full size-full wp-image-129\" alt=\"\" \/>\t\t\t\t\t\t\t\t\t\t\t\t\t\t\t<\/div>\n\t\t\t\t<\/div>\n\t\t\t\t<div class=\"elementor-element elementor-element-c296c3c elementor-widget elementor-widget-heading\" data-id=\"c296c3c\" data-element_type=\"widget\" data-e-type=\"widget\" data-widget_type=\"heading.default\">\n\t\t\t\t<div class=\"elementor-widget-container\">\n\t\t\t\t\t<h3 class=\"elementor-heading-title elementor-size-default\">El dise\u00f1o consciente de terrenos y paisajes tiene un papel fundamental en la posibilidad de asegurar sistemas resilientes y en constante evoluci\u00f3n, los cuales fusionen las necesidades de los propietarios y administradores con la integridad del medioambiente.<\/h3>\t\t\t\t<\/div>\n\t\t\t\t<\/div>\n\t\t\t\t<section class=\"elementor-section elementor-inner-section elementor-element elementor-element-b299396 elementor-section-boxed elementor-section-height-default elementor-section-height-default\" data-id=\"b299396\" data-element_type=\"section\" data-e-type=\"section\">\n\t\t\t\t\t\t<div class=\"elementor-container elementor-column-gap-default\">\n\t\t\t\t\t<div class=\"elementor-column elementor-col-50 elementor-inner-column elementor-element elementor-element-25df1a3\" data-id=\"25df1a3\" data-element_type=\"column\" data-e-type=\"column\">\n\t\t\t<div class=\"elementor-widget-wrap elementor-element-populated\">\n\t\t\t\t\t\t<div class=\"elementor-element elementor-element-ac03533 elementor-widget elementor-widget-text-editor\" data-id=\"ac03533\" data-element_type=\"widget\" data-e-type=\"widget\" data-widget_type=\"text-editor.default\">\n\t\t\t\t<div class=\"elementor-widget-container\">\n\t\t\t\t\t\t\t\t\t<p>Nuestra metodolog\u00eda de dise\u00f1o se proyecta m\u00e1s all\u00e1 de la sustentabilidad, enfatizando el potencial regenerativo de cada proyecto. Siendo parte de una nueva generaci\u00f3n de dise\u00f1adores, reconocemos que los humanos somos una pieza integral de un ecosistema funcional y saludable. El mismo puede llegar a ser altamente productivo, satisfaciendo as\u00ed las necesidades humanas, siendo ecol\u00f3gicamente regenerativo y, en simult\u00e1neo, econ\u00f3micamente viable.<\/p><p>Brindamos a nuestros clientes un servicio de dise\u00f1o completamente personalizado, ya sea asistiendo en una situaci\u00f3n particular, evaluando y aportando consejos, o co-creando un completo dise\u00f1o de terrenos a gran escala. En equipo, nos comprometeremos con su contexto espec\u00edfico y los potenciales planes futuros y le guiaremos con confianza a trav\u00e9s del proceso, desde el dise\u00f1o y la planeaci\u00f3n hasta la implementaci\u00f3n final. Esta es nuestra estrategia para manejar cada uno de las \u00fanicos proyectos y situaciones de nuestros clientes.<\/p>\t\t\t\t\t\t\t\t<\/div>\n\t\t\t\t<\/div>\n\t\t\t\t\t<\/div>\n\t\t<\/div>\n\t\t\t\t<div class=\"elementor-column elementor-col-50 elementor-inner-column elementor-element elementor-element-6c7507f\" data-id=\"6c7507f\" data-element_type=\"column\" data-e-type=\"column\">\n\t\t\t<div class=\"elementor-widget-wrap elementor-element-populated\">\n\t\t\t\t\t\t<div class=\"elementor-element elementor-element-bfa337c elementor-widget elementor-widget-image\" data-id=\"bfa337c\" data-element_type=\"widget\" data-e-type=\"widget\" data-widget_type=\"image.default\">\n\t\t\t\t<div class=\"elementor-widget-container\">\n\t\t\t\t\t\t\t\t\t\t\t\t\t\t\t<img decoding=\"async\" width=\"660\" height=\"610\" src=\"https:\/\/greencurvesdesign.com\/wp-content\/uploads\/2021\/11\/overview-methodology.jpg\" class=\"attachment-large size-large wp-image-43\" alt=\"\" srcset=\"https:\/\/greencurvesdesign.com\/wp-content\/uploads\/2021\/11\/overview-methodology.jpg 660w, https:\/\/greencurvesdesign.com\/wp-content\/uploads\/2021\/11\/overview-methodology-300x277.jpg 300w\" sizes=\"(max-width: 660px) 100vw, 660px\" \/>\t\t\t\t\t\t\t\t\t\t\t\t\t\t\t<\/div>\n\t\t\t\t<\/div>\n\t\t\t\t\t<\/div>\n\t\t<\/div>\n\t\t\t\t\t<\/div>\n\t\t<\/section>\n\t\t\t\t\t<\/div>\n\t\t<\/div>\n\t\t\t\t\t<\/div>\n\t\t<\/section>\n\t\t\t\t<\/div>","protected":false},"excerpt":{"rendered":"<p>Design Methodology Conscious landscape design and planning has a pivotal role in ensuring resilient, evolving systems that integrate the needs of land owners and managers with the integrity of the environment. Our design methodology goes beyond the notion of sustainability by focusing on the regenerative potential of any given land-based project. As a new generation [&hellip;]<\/p>\n","protected":false},"author":1,"featured_media":0,"parent":169,"menu_order":0,"comment_status":"closed","ping_status":"closed","template":"elementor_header_footer","meta":{"nf_dc_page":"","footnotes":""},"class_list":["post-1820","page","type-page","status-publish","hentry"],"yoast_head":"<!-- This site is optimized with the Yoast SEO plugin v27.4 - https:\/\/yoast.com\/product\/yoast-seo-wordpress\/ -->\n<title>Overview - Green Curves Design<\/title>\n<meta name=\"robots\" content=\"index, follow, max-snippet:-1, max-image-preview:large, max-video-preview:-1\" \/>\n<link rel=\"canonical\" href=\"https:\/\/greencurvesdesign.com\/es\/methodology\/overview\/\" \/>\n<meta property=\"og:locale\" content=\"es_ES\" \/>\n<meta property=\"og:type\" content=\"article\" \/>\n<meta property=\"og:title\" content=\"Overview - Green Curves Design\" \/>\n<meta property=\"og:description\" content=\"Design Methodology Conscious landscape design and planning has a pivotal role in ensuring resilient, evolving systems that integrate the needs of land owners and managers with the integrity of the environment. Our design methodology goes beyond the notion of sustainability by focusing on the regenerative potential of any given land-based project. As a new generation [&hellip;]\" \/>\n<meta property=\"og:url\" content=\"https:\/\/greencurvesdesign.com\/es\/methodology\/overview\/\" \/>\n<meta property=\"og:site_name\" content=\"Green Curves Design\" \/>\n<meta property=\"article:modified_time\" content=\"2022-03-28T20:10:18+00:00\" \/>\n<meta property=\"og:image\" content=\"https:\/\/greencurvesdesign.com\/wp-content\/uploads\/2021\/11\/title-1.svg\" \/>\n<meta name=\"twitter:card\" content=\"summary_large_image\" \/>\n<meta name=\"twitter:label1\" content=\"Tiempo de lectura\" \/>\n\t<meta name=\"twitter:data1\" content=\"1 minuto\" \/>\n<script type=\"application\/ld+json\" class=\"yoast-schema-graph\">{\"@context\":\"https:\\\/\\\/schema.org\",\"@graph\":[{\"@type\":\"WebPage\",\"@id\":\"https:\\\/\\\/greencurvesdesign.com\\\/methodology\\\/overview\\\/\",\"url\":\"https:\\\/\\\/greencurvesdesign.com\\\/methodology\\\/overview\\\/\",\"name\":\"Overview - Green Curves Design\",\"isPartOf\":{\"@id\":\"http:\\\/\\\/box5683.temp.domains\\\/~reencurv\\\/#website\"},\"primaryImageOfPage\":{\"@id\":\"https:\\\/\\\/greencurvesdesign.com\\\/methodology\\\/overview\\\/#primaryimage\"},\"image\":{\"@id\":\"https:\\\/\\\/greencurvesdesign.com\\\/methodology\\\/overview\\\/#primaryimage\"},\"thumbnailUrl\":\"https:\\\/\\\/greencurvesdesign.com\\\/wp-content\\\/uploads\\\/2021\\\/11\\\/title-1.svg\",\"datePublished\":\"2022-01-03T14:24:16+00:00\",\"dateModified\":\"2022-03-28T20:10:18+00:00\",\"breadcrumb\":{\"@id\":\"https:\\\/\\\/greencurvesdesign.com\\\/methodology\\\/overview\\\/#breadcrumb\"},\"inLanguage\":\"es\",\"potentialAction\":[{\"@type\":\"ReadAction\",\"target\":[\"https:\\\/\\\/greencurvesdesign.com\\\/methodology\\\/overview\\\/\"]}]},{\"@type\":\"ImageObject\",\"inLanguage\":\"es\",\"@id\":\"https:\\\/\\\/greencurvesdesign.com\\\/methodology\\\/overview\\\/#primaryimage\",\"url\":\"https:\\\/\\\/greencurvesdesign.com\\\/wp-content\\\/uploads\\\/2021\\\/11\\\/title-1.svg\",\"contentUrl\":\"https:\\\/\\\/greencurvesdesign.com\\\/wp-content\\\/uploads\\\/2021\\\/11\\\/title-1.svg\"},{\"@type\":\"BreadcrumbList\",\"@id\":\"https:\\\/\\\/greencurvesdesign.com\\\/methodology\\\/overview\\\/#breadcrumb\",\"itemListElement\":[{\"@type\":\"ListItem\",\"position\":1,\"name\":\"Home\",\"item\":\"https:\\\/\\\/greencurvesdesign.com\\\/\"},{\"@type\":\"ListItem\",\"position\":2,\"name\":\"Methodology\",\"item\":\"https:\\\/\\\/greencurvesdesign.com\\\/methodology\\\/\"},{\"@type\":\"ListItem\",\"position\":3,\"name\":\"Overview\"}]},{\"@type\":\"WebSite\",\"@id\":\"http:\\\/\\\/box5683.temp.domains\\\/~reencurv\\\/#website\",\"url\":\"http:\\\/\\\/box5683.temp.domains\\\/~reencurv\\\/\",\"name\":\"Green Curves Design\",\"description\":\"\",\"potentialAction\":[{\"@type\":\"SearchAction\",\"target\":{\"@type\":\"EntryPoint\",\"urlTemplate\":\"http:\\\/\\\/box5683.temp.domains\\\/~reencurv\\\/?s={search_term_string}\"},\"query-input\":{\"@type\":\"PropertyValueSpecification\",\"valueRequired\":true,\"valueName\":\"search_term_string\"}}],\"inLanguage\":\"es\"}]}<\/script>\n<!-- \/ Yoast SEO plugin. -->","yoast_head_json":{"title":"Overview - Green Curves Design","robots":{"index":"index","follow":"follow","max-snippet":"max-snippet:-1","max-image-preview":"max-image-preview:large","max-video-preview":"max-video-preview:-1"},"canonical":"https:\/\/greencurvesdesign.com\/es\/methodology\/overview\/","og_locale":"es_ES","og_type":"article","og_title":"Overview - Green Curves Design","og_description":"Design Methodology Conscious landscape design and planning has a pivotal role in ensuring resilient, evolving systems that integrate the needs of land owners and managers with the integrity of the environment. Our design methodology goes beyond the notion of sustainability by focusing on the regenerative potential of any given land-based project. As a new generation [&hellip;]","og_url":"https:\/\/greencurvesdesign.com\/es\/methodology\/overview\/","og_site_name":"Green Curves Design","article_modified_time":"2022-03-28T20:10:18+00:00","og_image":[{"url":"https:\/\/greencurvesdesign.com\/wp-content\/uploads\/2021\/11\/title-1.svg","type":"","width":"","height":""}],"twitter_card":"summary_large_image","twitter_misc":{"Tiempo de lectura":"1 minuto"},"schema":{"@context":"https:\/\/schema.org","@graph":[{"@type":"WebPage","@id":"https:\/\/greencurvesdesign.com\/methodology\/overview\/","url":"https:\/\/greencurvesdesign.com\/methodology\/overview\/","name":"Overview - Green Curves Design","isPartOf":{"@id":"http:\/\/box5683.temp.domains\/~reencurv\/#website"},"primaryImageOfPage":{"@id":"https:\/\/greencurvesdesign.com\/methodology\/overview\/#primaryimage"},"image":{"@id":"https:\/\/greencurvesdesign.com\/methodology\/overview\/#primaryimage"},"thumbnailUrl":"https:\/\/greencurvesdesign.com\/wp-content\/uploads\/2021\/11\/title-1.svg","datePublished":"2022-01-03T14:24:16+00:00","dateModified":"2022-03-28T20:10:18+00:00","breadcrumb":{"@id":"https:\/\/greencurvesdesign.com\/methodology\/overview\/#breadcrumb"},"inLanguage":"es","potentialAction":[{"@type":"ReadAction","target":["https:\/\/greencurvesdesign.com\/methodology\/overview\/"]}]},{"@type":"ImageObject","inLanguage":"es","@id":"https:\/\/greencurvesdesign.com\/methodology\/overview\/#primaryimage","url":"https:\/\/greencurvesdesign.com\/wp-content\/uploads\/2021\/11\/title-1.svg","contentUrl":"https:\/\/greencurvesdesign.com\/wp-content\/uploads\/2021\/11\/title-1.svg"},{"@type":"BreadcrumbList","@id":"https:\/\/greencurvesdesign.com\/methodology\/overview\/#breadcrumb","itemListElement":[{"@type":"ListItem","position":1,"name":"Home","item":"https:\/\/greencurvesdesign.com\/"},{"@type":"ListItem","position":2,"name":"Methodology","item":"https:\/\/greencurvesdesign.com\/methodology\/"},{"@type":"ListItem","position":3,"name":"Overview"}]},{"@type":"WebSite","@id":"http:\/\/box5683.temp.domains\/~reencurv\/#website","url":"http:\/\/box5683.temp.domains\/~reencurv\/","name":"Green Curves Design","description":"","potentialAction":[{"@type":"SearchAction","target":{"@type":"EntryPoint","urlTemplate":"http:\/\/box5683.temp.domains\/~reencurv\/?s={search_term_string}"},"query-input":{"@type":"PropertyValueSpecification","valueRequired":true,"valueName":"search_term_string"}}],"inLanguage":"es"}]}},"_links":{"self":[{"href":"https:\/\/greencurvesdesign.com\/es\/wp-json\/wp\/v2\/pages\/1820","targetHints":{"allow":["GET"]}}],"collection":[{"href":"https:\/\/greencurvesdesign.com\/es\/wp-json\/wp\/v2\/pages"}],"about":[{"href":"https:\/\/greencurvesdesign.com\/es\/wp-json\/wp\/v2\/types\/page"}],"author":[{"embeddable":true,"href":"https:\/\/greencurvesdesign.com\/es\/wp-json\/wp\/v2\/users\/1"}],"replies":[{"embeddable":true,"href":"https:\/\/greencurvesdesign.com\/es\/wp-json\/wp\/v2\/comments?post=1820"}],"version-history":[{"count":5,"href":"https:\/\/greencurvesdesign.com\/es\/wp-json\/wp\/v2\/pages\/1820\/revisions"}],"predecessor-version":[{"id":5311,"href":"https:\/\/greencurvesdesign.com\/es\/wp-json\/wp\/v2\/pages\/1820\/revisions\/5311"}],"up":[{"embeddable":true,"href":"https:\/\/greencurvesdesign.com\/es\/wp-json\/wp\/v2\/pages\/169"}],"wp:attachment":[{"href":"https:\/\/greencurvesdesign.com\/es\/wp-json\/wp\/v2\/media?parent=1820"}],"curies":[{"name":"wp","href":"https:\/\/api.w.org\/{rel}","templated":true}]}}