{"id":169,"date":"2021-11-30T23:05:25","date_gmt":"2021-11-30T23:05:25","guid":{"rendered":"http:\/\/box5683.temp.domains\/~reencurv\/?page_id=169"},"modified":"2022-03-28T20:10:14","modified_gmt":"2022-03-28T20:10:14","slug":"methodology","status":"publish","type":"page","link":"https:\/\/greencurvesdesign.com\/es\/methodology\/","title":{"rendered":"Metodolog\u00eda"},"content":{"rendered":"<div data-elementor-type=\"wp-page\" data-elementor-id=\"169\" class=\"elementor elementor-169\">\n\t\t\t\t\t\t<section class=\"elementor-section elementor-top-section elementor-element elementor-element-076912e elementor-section-content-top elementor-section-height-full elementor-section-boxed elementor-section-height-default elementor-section-items-middle\" data-id=\"076912e\" data-element_type=\"section\" data-e-type=\"section\" data-settings=\"{&quot;background_background&quot;:&quot;classic&quot;}\">\n\t\t\t\t\t\t<div class=\"elementor-container elementor-column-gap-default\">\n\t\t\t\t\t<div class=\"elementor-column elementor-col-100 elementor-top-column elementor-element elementor-element-b8263e0\" data-id=\"b8263e0\" data-element_type=\"column\" data-e-type=\"column\">\n\t\t\t<div class=\"elementor-widget-wrap elementor-element-populated\">\n\t\t\t\t\t\t<div class=\"elementor-element elementor-element-0749577 elementor-widget elementor-widget-heading\" data-id=\"0749577\" data-element_type=\"widget\" data-e-type=\"widget\" data-widget_type=\"heading.default\">\n\t\t\t\t<div class=\"elementor-widget-container\">\n\t\t\t\t\t<h1 class=\"elementor-heading-title elementor-size-default\">Metodolog\u00eda de dise\u00f1o<\/h1>\t\t\t\t<\/div>\n\t\t\t\t<\/div>\n\t\t\t\t<section class=\"elementor-section elementor-inner-section elementor-element elementor-element-32ca4fd elementor-section-boxed elementor-section-height-default elementor-section-height-default\" data-id=\"32ca4fd\" data-element_type=\"section\" data-e-type=\"section\">\n\t\t\t\t\t\t<div class=\"elementor-container elementor-column-gap-wider\">\n\t\t\t\t\t<div class=\"elementor-column elementor-col-50 elementor-inner-column elementor-element elementor-element-ef6b47c\" data-id=\"ef6b47c\" data-element_type=\"column\" data-e-type=\"column\">\n\t\t\t<div class=\"elementor-widget-wrap elementor-element-populated\">\n\t\t\t\t\t\t<div class=\"elementor-element elementor-element-c2860b7 elementor-widget elementor-widget-image\" data-id=\"c2860b7\" data-element_type=\"widget\" data-e-type=\"widget\" data-widget_type=\"image.default\">\n\t\t\t\t<div class=\"elementor-widget-container\">\n\t\t\t\t\t\t\t\t\t\t\t\t\t\t\t\t<a href=\"https:\/\/greencurvesdesign.com\/es\/methodology\/overview\/\">\n\t\t\t\t\t\t\t<img fetchpriority=\"high\" decoding=\"async\" width=\"520\" height=\"108\" src=\"https:\/\/greencurvesdesign.com\/wp-content\/uploads\/2022\/03\/perspectiva-general.svg\" class=\"attachment-full size-full wp-image-129\" alt=\"\" \/>\t\t\t\t\t\t\t\t<\/a>\n\t\t\t\t\t\t\t\t\t\t\t\t\t\t\t<\/div>\n\t\t\t\t<\/div>\n\t\t\t\t<div class=\"elementor-element elementor-element-397a3e9 elementor-widget elementor-widget-heading\" data-id=\"397a3e9\" data-element_type=\"widget\" data-e-type=\"widget\" data-widget_type=\"heading.default\">\n\t\t\t\t<div class=\"elementor-widget-container\">\n\t\t\t\t\t<h3 class=\"elementor-heading-title elementor-size-default\">El dise\u00f1o consciente de terrenos y paisajes tiene un papel fundamental en la posibilidad de asegurar sistemas resilientes y en constante evoluci\u00f3n, los cuales fusionen las necesidades de los propietarios y administradores con la integridad del medioambiente.<\/h3>\t\t\t\t<\/div>\n\t\t\t\t<\/div>\n\t\t\t\t\t<\/div>\n\t\t<\/div>\n\t\t\t\t<div class=\"elementor-column elementor-col-50 elementor-inner-column elementor-element elementor-element-335a20c\" data-id=\"335a20c\" data-element_type=\"column\" data-e-type=\"column\">\n\t\t\t<div class=\"elementor-widget-wrap elementor-element-populated\">\n\t\t\t\t\t\t<div class=\"elementor-element elementor-element-ee5cb36 elementor-widget elementor-widget-image\" data-id=\"ee5cb36\" data-element_type=\"widget\" data-e-type=\"widget\" data-widget_type=\"image.default\">\n\t\t\t\t<div class=\"elementor-widget-container\">\n\t\t\t\t\t\t\t\t\t\t\t\t\t\t\t\t<a href=\"https:\/\/greencurvesdesign.com\/es\/methodology\/approach\/\">\n\t\t\t\t\t\t\t<img decoding=\"async\" width=\"520\" height=\"108\" src=\"https:\/\/greencurvesdesign.com\/wp-content\/uploads\/2022\/03\/enfoque-v2.svg\" class=\"attachment-full size-full wp-image-130\" alt=\"\" \/>\t\t\t\t\t\t\t\t<\/a>\n\t\t\t\t\t\t\t\t\t\t\t\t\t\t\t<\/div>\n\t\t\t\t<\/div>\n\t\t\t\t<div class=\"elementor-element elementor-element-cba7662 elementor-widget elementor-widget-heading\" data-id=\"cba7662\" data-element_type=\"widget\" data-e-type=\"widget\" data-widget_type=\"heading.default\">\n\t\t\t\t<div class=\"elementor-widget-container\">\n\t\t\t\t\t<h3 class=\"elementor-heading-title elementor-size-default\">Nuestro enfoque hacia el dise\u00f1o regenerativo de la tierra se basa en un proceso sistem\u00e1tico comprendido como una serie de capas priorizadas, las cuales establecen el mayor nivel de potencial de cualquier terreno.<\/h3>\t\t\t\t<\/div>\n\t\t\t\t<\/div>\n\t\t\t\t\t<\/div>\n\t\t<\/div>\n\t\t\t\t\t<\/div>\n\t\t<\/section>\n\t\t\t\t<section class=\"elementor-section elementor-inner-section elementor-element elementor-element-9a022bb elementor-section-boxed elementor-section-height-default elementor-section-height-default\" data-id=\"9a022bb\" data-element_type=\"section\" data-e-type=\"section\">\n\t\t\t\t\t\t<div class=\"elementor-container elementor-column-gap-wider\">\n\t\t\t\t\t<div class=\"elementor-column elementor-col-50 elementor-inner-column elementor-element elementor-element-22a2868\" data-id=\"22a2868\" data-element_type=\"column\" data-e-type=\"column\">\n\t\t\t<div class=\"elementor-widget-wrap elementor-element-populated\">\n\t\t\t\t\t\t<div class=\"elementor-element elementor-element-eefc4ea elementor-widget elementor-widget-image\" data-id=\"eefc4ea\" data-element_type=\"widget\" data-e-type=\"widget\" data-widget_type=\"image.default\">\n\t\t\t\t<div class=\"elementor-widget-container\">\n\t\t\t\t\t\t\t\t\t\t\t\t\t\t\t\t<a href=\"https:\/\/greencurvesdesign.com\/es\/methodology\/design-layers\/\">\n\t\t\t\t\t\t\t<img decoding=\"async\" width=\"520\" height=\"108\" src=\"https:\/\/greencurvesdesign.com\/wp-content\/uploads\/2022\/03\/capas-diseno.svg\" class=\"attachment-full size-full wp-image-131\" alt=\"\" \/>\t\t\t\t\t\t\t\t<\/a>\n\t\t\t\t\t\t\t\t\t\t\t\t\t\t\t<\/div>\n\t\t\t\t<\/div>\n\t\t\t\t<div class=\"elementor-element elementor-element-73f8db7 elementor-widget elementor-widget-heading\" data-id=\"73f8db7\" data-element_type=\"widget\" data-e-type=\"widget\" data-widget_type=\"heading.default\">\n\t\t\t\t<div class=\"elementor-widget-container\">\n\t\t\t\t\t<h3 class=\"elementor-heading-title elementor-size-default\">El enfoque de nuestro dise\u00f1o ha sido establecido en relaci\u00f3n al sistema Keyline Plan (o Dise\u00f1o Keyline), desarrollado por P.A. Yeomans. Dentro del mismo, nos guiamos por la Escala de Permanencia y su concepci\u00f3n evolucionada, la Plataforma Regrarians, desarrollada por Darren Doherty.<\/h3>\t\t\t\t<\/div>\n\t\t\t\t<\/div>\n\t\t\t\t\t<\/div>\n\t\t<\/div>\n\t\t\t\t<div class=\"elementor-column elementor-col-50 elementor-inner-column elementor-element elementor-element-61cb19f\" data-id=\"61cb19f\" data-element_type=\"column\" data-e-type=\"column\">\n\t\t\t<div class=\"elementor-widget-wrap elementor-element-populated\">\n\t\t\t\t\t\t<div class=\"elementor-element elementor-element-59997e9 elementor-widget elementor-widget-image\" data-id=\"59997e9\" data-element_type=\"widget\" data-e-type=\"widget\" data-widget_type=\"image.default\">\n\t\t\t\t<div class=\"elementor-widget-container\">\n\t\t\t\t\t\t\t\t\t\t\t\t\t\t\t\t<a href=\"https:\/\/greencurvesdesign.com\/es\/methodology\/tools\/\">\n\t\t\t\t\t\t\t<img loading=\"lazy\" decoding=\"async\" width=\"520\" height=\"108\" src=\"https:\/\/greencurvesdesign.com\/wp-content\/uploads\/2022\/03\/herramientas.svg\" class=\"attachment-full size-full wp-image-132\" alt=\"\" \/>\t\t\t\t\t\t\t\t<\/a>\n\t\t\t\t\t\t\t\t\t\t\t\t\t\t\t<\/div>\n\t\t\t\t<\/div>\n\t\t\t\t<div class=\"elementor-element elementor-element-99b8f74 elementor-widget elementor-widget-heading\" data-id=\"99b8f74\" data-element_type=\"widget\" data-e-type=\"widget\" data-widget_type=\"heading.default\">\n\t\t\t\t<div class=\"elementor-widget-container\">\n\t\t\t\t\t<h3 class=\"elementor-heading-title elementor-size-default\">Nuestras herramientas conceptuales son un conjunto de t\u00e9cnicas y metodolog\u00edas que han sido testeadas y puestas en pr\u00e1ctica, las cuales ser\u00e1n seleccionadas y aplicadas a nuestro trabajo seg\u00fan qu\u00e9 relevancia tengan para con cada proyecto.<\/h3>\t\t\t\t<\/div>\n\t\t\t\t<\/div>\n\t\t\t\t\t<\/div>\n\t\t<\/div>\n\t\t\t\t\t<\/div>\n\t\t<\/section>\n\t\t\t\t\t<\/div>\n\t\t<\/div>\n\t\t\t\t\t<\/div>\n\t\t<\/section>\n\t\t\t\t<\/div>","protected":false},"excerpt":{"rendered":"<p>DESIGN METHODOLOGY Conscious landscape design and planning has a pivotal role in ensuring resilient, evolving systems that integrate the needs of land owners and managers with the integrity of the environment. Our approach to regenerative landscape design is a systematic process understood as a series of prioritised fields which establishes the greatest level of potential [&hellip;]<\/p>\n","protected":false},"author":1,"featured_media":0,"parent":0,"menu_order":0,"comment_status":"closed","ping_status":"closed","template":"elementor_header_footer","meta":{"nf_dc_page":"","footnotes":""},"class_list":["post-169","page","type-page","status-publish","hentry"],"yoast_head":"<!-- This site is optimized with the Yoast SEO plugin v27.4 - https:\/\/yoast.com\/product\/yoast-seo-wordpress\/ -->\n<title>Methodology - Green Curves Design<\/title>\n<meta name=\"robots\" content=\"index, follow, max-snippet:-1, max-image-preview:large, max-video-preview:-1\" \/>\n<link rel=\"canonical\" href=\"https:\/\/greencurvesdesign.com\/es\/methodology\/\" \/>\n<meta property=\"og:locale\" content=\"es_ES\" \/>\n<meta property=\"og:type\" content=\"article\" \/>\n<meta property=\"og:title\" content=\"Methodology - Green Curves Design\" \/>\n<meta property=\"og:description\" content=\"DESIGN METHODOLOGY Conscious landscape design and planning has a pivotal role in ensuring resilient, evolving systems that integrate the needs of land owners and managers with the integrity of the environment. Our approach to regenerative landscape design is a systematic process understood as a series of prioritised fields which establishes the greatest level of potential [&hellip;]\" \/>\n<meta property=\"og:url\" content=\"https:\/\/greencurvesdesign.com\/es\/methodology\/\" \/>\n<meta property=\"og:site_name\" content=\"Green Curves Design\" \/>\n<meta property=\"article:modified_time\" content=\"2022-03-28T20:10:14+00:00\" \/>\n<meta property=\"og:image\" content=\"https:\/\/greencurvesdesign.com\/wp-content\/uploads\/2021\/11\/title-1.svg\" \/>\n<meta name=\"twitter:card\" content=\"summary_large_image\" \/>\n<meta name=\"twitter:label1\" content=\"Tiempo de lectura\" \/>\n\t<meta name=\"twitter:data1\" content=\"1 minuto\" \/>\n<script type=\"application\/ld+json\" class=\"yoast-schema-graph\">{\"@context\":\"https:\\\/\\\/schema.org\",\"@graph\":[{\"@type\":\"WebPage\",\"@id\":\"https:\\\/\\\/greencurvesdesign.com\\\/methodology\\\/\",\"url\":\"https:\\\/\\\/greencurvesdesign.com\\\/methodology\\\/\",\"name\":\"Methodology - Green Curves Design\",\"isPartOf\":{\"@id\":\"http:\\\/\\\/box5683.temp.domains\\\/~reencurv\\\/#website\"},\"primaryImageOfPage\":{\"@id\":\"https:\\\/\\\/greencurvesdesign.com\\\/methodology\\\/#primaryimage\"},\"image\":{\"@id\":\"https:\\\/\\\/greencurvesdesign.com\\\/methodology\\\/#primaryimage\"},\"thumbnailUrl\":\"https:\\\/\\\/greencurvesdesign.com\\\/wp-content\\\/uploads\\\/2021\\\/11\\\/title-1.svg\",\"datePublished\":\"2021-11-30T23:05:25+00:00\",\"dateModified\":\"2022-03-28T20:10:14+00:00\",\"breadcrumb\":{\"@id\":\"https:\\\/\\\/greencurvesdesign.com\\\/methodology\\\/#breadcrumb\"},\"inLanguage\":\"es\",\"potentialAction\":[{\"@type\":\"ReadAction\",\"target\":[\"https:\\\/\\\/greencurvesdesign.com\\\/methodology\\\/\"]}]},{\"@type\":\"ImageObject\",\"inLanguage\":\"es\",\"@id\":\"https:\\\/\\\/greencurvesdesign.com\\\/methodology\\\/#primaryimage\",\"url\":\"https:\\\/\\\/greencurvesdesign.com\\\/wp-content\\\/uploads\\\/2021\\\/11\\\/title-1.svg\",\"contentUrl\":\"https:\\\/\\\/greencurvesdesign.com\\\/wp-content\\\/uploads\\\/2021\\\/11\\\/title-1.svg\"},{\"@type\":\"BreadcrumbList\",\"@id\":\"https:\\\/\\\/greencurvesdesign.com\\\/methodology\\\/#breadcrumb\",\"itemListElement\":[{\"@type\":\"ListItem\",\"position\":1,\"name\":\"Home\",\"item\":\"https:\\\/\\\/greencurvesdesign.com\\\/\"},{\"@type\":\"ListItem\",\"position\":2,\"name\":\"Methodology\"}]},{\"@type\":\"WebSite\",\"@id\":\"http:\\\/\\\/box5683.temp.domains\\\/~reencurv\\\/#website\",\"url\":\"http:\\\/\\\/box5683.temp.domains\\\/~reencurv\\\/\",\"name\":\"Green Curves Design\",\"description\":\"\",\"potentialAction\":[{\"@type\":\"SearchAction\",\"target\":{\"@type\":\"EntryPoint\",\"urlTemplate\":\"http:\\\/\\\/box5683.temp.domains\\\/~reencurv\\\/?s={search_term_string}\"},\"query-input\":{\"@type\":\"PropertyValueSpecification\",\"valueRequired\":true,\"valueName\":\"search_term_string\"}}],\"inLanguage\":\"es\"}]}<\/script>\n<!-- \/ Yoast SEO plugin. -->","yoast_head_json":{"title":"Methodology - Green Curves Design","robots":{"index":"index","follow":"follow","max-snippet":"max-snippet:-1","max-image-preview":"max-image-preview:large","max-video-preview":"max-video-preview:-1"},"canonical":"https:\/\/greencurvesdesign.com\/es\/methodology\/","og_locale":"es_ES","og_type":"article","og_title":"Methodology - Green Curves Design","og_description":"DESIGN METHODOLOGY Conscious landscape design and planning has a pivotal role in ensuring resilient, evolving systems that integrate the needs of land owners and managers with the integrity of the environment. Our approach to regenerative landscape design is a systematic process understood as a series of prioritised fields which establishes the greatest level of potential [&hellip;]","og_url":"https:\/\/greencurvesdesign.com\/es\/methodology\/","og_site_name":"Green Curves Design","article_modified_time":"2022-03-28T20:10:14+00:00","og_image":[{"url":"https:\/\/greencurvesdesign.com\/wp-content\/uploads\/2021\/11\/title-1.svg","type":"","width":"","height":""}],"twitter_card":"summary_large_image","twitter_misc":{"Tiempo de lectura":"1 minuto"},"schema":{"@context":"https:\/\/schema.org","@graph":[{"@type":"WebPage","@id":"https:\/\/greencurvesdesign.com\/methodology\/","url":"https:\/\/greencurvesdesign.com\/methodology\/","name":"Methodology - Green Curves Design","isPartOf":{"@id":"http:\/\/box5683.temp.domains\/~reencurv\/#website"},"primaryImageOfPage":{"@id":"https:\/\/greencurvesdesign.com\/methodology\/#primaryimage"},"image":{"@id":"https:\/\/greencurvesdesign.com\/methodology\/#primaryimage"},"thumbnailUrl":"https:\/\/greencurvesdesign.com\/wp-content\/uploads\/2021\/11\/title-1.svg","datePublished":"2021-11-30T23:05:25+00:00","dateModified":"2022-03-28T20:10:14+00:00","breadcrumb":{"@id":"https:\/\/greencurvesdesign.com\/methodology\/#breadcrumb"},"inLanguage":"es","potentialAction":[{"@type":"ReadAction","target":["https:\/\/greencurvesdesign.com\/methodology\/"]}]},{"@type":"ImageObject","inLanguage":"es","@id":"https:\/\/greencurvesdesign.com\/methodology\/#primaryimage","url":"https:\/\/greencurvesdesign.com\/wp-content\/uploads\/2021\/11\/title-1.svg","contentUrl":"https:\/\/greencurvesdesign.com\/wp-content\/uploads\/2021\/11\/title-1.svg"},{"@type":"BreadcrumbList","@id":"https:\/\/greencurvesdesign.com\/methodology\/#breadcrumb","itemListElement":[{"@type":"ListItem","position":1,"name":"Home","item":"https:\/\/greencurvesdesign.com\/"},{"@type":"ListItem","position":2,"name":"Methodology"}]},{"@type":"WebSite","@id":"http:\/\/box5683.temp.domains\/~reencurv\/#website","url":"http:\/\/box5683.temp.domains\/~reencurv\/","name":"Green Curves Design","description":"","potentialAction":[{"@type":"SearchAction","target":{"@type":"EntryPoint","urlTemplate":"http:\/\/box5683.temp.domains\/~reencurv\/?s={search_term_string}"},"query-input":{"@type":"PropertyValueSpecification","valueRequired":true,"valueName":"search_term_string"}}],"inLanguage":"es"}]}},"_links":{"self":[{"href":"https:\/\/greencurvesdesign.com\/es\/wp-json\/wp\/v2\/pages\/169","targetHints":{"allow":["GET"]}}],"collection":[{"href":"https:\/\/greencurvesdesign.com\/es\/wp-json\/wp\/v2\/pages"}],"about":[{"href":"https:\/\/greencurvesdesign.com\/es\/wp-json\/wp\/v2\/types\/page"}],"author":[{"embeddable":true,"href":"https:\/\/greencurvesdesign.com\/es\/wp-json\/wp\/v2\/users\/1"}],"replies":[{"embeddable":true,"href":"https:\/\/greencurvesdesign.com\/es\/wp-json\/wp\/v2\/comments?post=169"}],"version-history":[{"count":5,"href":"https:\/\/greencurvesdesign.com\/es\/wp-json\/wp\/v2\/pages\/169\/revisions"}],"predecessor-version":[{"id":1909,"href":"https:\/\/greencurvesdesign.com\/es\/wp-json\/wp\/v2\/pages\/169\/revisions\/1909"}],"wp:attachment":[{"href":"https:\/\/greencurvesdesign.com\/es\/wp-json\/wp\/v2\/media?parent=169"}],"curies":[{"name":"wp","href":"https:\/\/api.w.org\/{rel}","templated":true}]}}